{"id":4287,"date":"2025-01-01T22:04:56","date_gmt":"2025-01-01T21:04:56","guid":{"rendered":"https:\/\/www.gamingchairs.eu\/partner-im-laden\/register\/"},"modified":"2025-01-12T15:21:05","modified_gmt":"2025-01-12T14:21:05","slug":"register","status":"publish","type":"page","link":"https:\/\/www.gamingchairs.eu\/de\/partner-im-laden\/register\/","title":{"rendered":"Register"},"content":{"rendered":"\t\t<div data-elementor-type=\"wp-page\" data-elementor-id=\"4287\" class=\"elementor elementor-4287 elementor-3902\" data-elementor-post-type=\"page\">\n\t\t\t\t<div class=\"elementor-element elementor-element-2edf9a4d e-flex e-con-boxed e-con e-parent\" data-id=\"2edf9a4d\" data-element_type=\"container\" data-e-type=\"container\" data-settings=\"{&quot;background_background&quot;:&quot;gradient&quot;}\">\n\t\t\t\t\t<div class=\"e-con-inner\">\n\t\t\t\t<div class=\"elementor-element elementor-element-73853b99 elementor-widget elementor-widget-shortcode\" data-id=\"73853b99\" data-element_type=\"widget\" data-e-type=\"widget\" data-widget_type=\"shortcode.default\">\n\t\t\t\t<div class=\"elementor-widget-container\">\n\t\t\t\t\t\t\t<div class=\"elementor-shortcode\">\t<div id=\"wpam_form_error_panel\" class=\"wpam_form_errors\">\n\t\t<ul>\n\n\t\t<\/ul>\n\t<\/div><div id=\"wpam-reg-form\">\n<form action=\"#wpam-reg-form\" method=\"post\" id=\"mainForm\" class=\"pure-form pure-form-stacked\">\n    <input type=\"hidden\" id=\"_wpnonce\" name=\"_wpnonce\" value=\"15e8039bf3\" \/><input type=\"hidden\" name=\"_wp_http_referer\" value=\"\/de\/wp-json\/wp\/v2\/pages\/4287\" \/>\t\t* Pflichtfelder<br \/><br \/>\n\t\t<fieldset>\n\t\t\t\t\t\t\t\t<label for=\"_firstName\">Vorname&nbsp;*<\/label>\n\t\t\t\t\t\n\t\t\t\t\t\t\t\t\t\t\t\t\t<input type=\"text\" id=\"_firstName\" name=\"_firstName\" value=\"\" required \/>\n\t\t\t\t\t\t\t\t\t\t\t\t\t\t\t<label for=\"_lastName\">Nachname&nbsp;*<\/label>\n\t\t\t\t\t\n\t\t\t\t\t\t\t\t\t\t\t\t\t<input type=\"text\" id=\"_lastName\" name=\"_lastName\" value=\"\" required \/>\n\t\t\t\t\t\t\t\t\t\t\t\t\t\t\t<label for=\"_phoneNumber\">Telefonnummer&nbsp;*<\/label>\n\t\t\t\t\t\n\t\t\t\t\t\t\t\t\t\t\t\t\t<input type=\"text\" id=\"_phoneNumber\" name=\"_phoneNumber\" value=\"\" required \/>\n\t\t\t\t\t\t\t\t\t\t\t\t\t\t\t<label for=\"_email\">E-Mail-Adresse&nbsp;*<\/label>\n\t\t\t\t\t\n\t\t\t\t\t\t                                                            <input type=\"text\" id=\"_email\" name=\"_email\" value=\"\" required \/>\n                                                            \t\t\t\t\t\t\t\t<label for=\"_addressLine1\">Adresse 1 &nbsp;*<\/label>\n\t\t\t\t\t\n\t\t\t\t\t\t\t\t\t\t\t\t\t<input type=\"text\" id=\"_addressLine1\" name=\"_addressLine1\" value=\"\" required \/>\n\t\t\t\t\t\t\t\t\t\t\t\t\t\t\t<label for=\"_addressLine2\">Adresse 2 <\/label>\n\t\t\t\t\t\n\t\t\t\t\t\t\t\t\t\t\t\t\t<input type=\"text\" id=\"_addressLine2\" name=\"_addressLine2\" value=\"\"  \/>\n\t\t\t\t\t\t\t\t\t\t\t\t\t\t\t<label for=\"_addressCity\">Stadt&nbsp;*<\/label>\n\t\t\t\t\t\n\t\t\t\t\t\t\t\t\t\t\t\t\t<input type=\"text\" id=\"_addressCity\" name=\"_addressCity\" value=\"\" required \/>\n\t\t\t\t\t\t\t\t\t\t\t\t\t\t\t<label for=\"_addressZipCode\">Postleitzahl&nbsp;*<\/label>\n\t\t\t\t\t\n\t\t\t\t\t\t\t\t\t\t\t\t\t<input type=\"text\" id=\"_addressZipCode\" name=\"_addressZipCode\" value=\"\" required \/>\n\t\t\t\t\t\t\t\t\t\t\t\t\t\t\t<label for=\"_addressCountry\">Land&nbsp;*<\/label>\n\t\t\t\t\t\n\t\t\t\t\t\t\t\t\t\t\t\t\t<select id=\"_addressCountry\" name=\"_addressCountry\" required>\n\t\t\t\t\t\t\t\t<option value=\"\">Option ausw\u00e4hlen<\/option><option value=\"AF\">AFGHANISTAN<\/option><option value=\"AX\">\u00c5landinseln<\/option><option value=\"AL\">ALBANIA<\/option><option value=\"DZ\">ALGERIEN<\/option><option value=\"AS\">AMERIKANISCH-SAMOA<\/option><option value=\"AD\">ANDORRA<\/option><option value=\"AO\">ANGOLA<\/option><option value=\"AI\">ANGUILLA<\/option><option value=\"AQ\">ANTARKTIKA<\/option><option value=\"AG\">Antigua und Barbuda<\/option><option value=\"AR\">ARGENTINIEN<\/option><option value=\"AM\">ARMENIEN<\/option><option value=\"AW\">ARUBA<\/option><option value=\"AU\">AUSTRALIEN<\/option><option value=\"AT\">\u00d6STERREICH<\/option><option value=\"AZ\">ASERBAIDSCHAN<\/option><option value=\"BS\">BAHAMAS<\/option><option value=\"BH\">BAHRAIN<\/option><option value=\"BD\">BANGLADESCH<\/option><option value=\"BB\">BARBADOS<\/option><option value=\"BY\">BELARUS<\/option><option value=\"BE\">BELGIEN<\/option><option value=\"BZ\">BELIZE<\/option><option value=\"BJ\">BENIN<\/option><option value=\"BM\">BERMUDA<\/option><option value=\"BT\">BHUTAN<\/option><option value=\"BO\">BOLIVIEN<\/option><option value=\"BA\">BOSNIA AND HERZEGOVINA<\/option><option value=\"BW\">BOTSWANA<\/option><option value=\"BV\">Bouvetinsel<\/option><option value=\"BR\">BRASILIEN<\/option><option value=\"BN\">BRUNEI DARUSSALAM<\/option><option value=\"BG\">BULGARIEN<\/option><option value=\"BF\">BURKINA FASO<\/option><option value=\"BI\">BURUNDI<\/option><option value=\"KH\">KAMBODSCHA<\/option><option value=\"CM\">KAMERUN<\/option><option value=\"CA\">KANADA<\/option><option value=\"CV\">KAP VERDE<\/option><option value=\"KY\">CAYMAN ISLANDS<\/option><option value=\"CF\">CENTRAL AFRICAN REPUBLIC<\/option><option value=\"TD\">TSCHAD<\/option><option value=\"CL\">CHILE<\/option><option value=\"CN\">CHINA<\/option><option value=\"CX\">CHRISTMAS ISLAND<\/option><option value=\"CC\">Kokosinseln (Keelinginseln)<\/option><option value=\"CO\">KOLUMBIEN<\/option><option value=\"KM\">KOMOREN<\/option><option value=\"CG\">CONGO (BRAZZAVILLE)<\/option><option value=\"CD\">CONGO (KINSHASA)<\/option><option value=\"CK\">Cookinseln<\/option><option value=\"CR\">COSTA RICA<\/option><option value=\"HR\">KROATIEN<\/option><option value=\"CU\">KUBA<\/option><option value=\"CY\">ZYPERN<\/option><option value=\"CZ\">TSCHECHIEN<\/option><option value=\"DK\">D\u00c4NEMARK<\/option><option value=\"DJ\">DSCHIBUTI<\/option><option value=\"DM\">DOMINICA<\/option><option value=\"DO\">DOMINICAN REPUBLIC<\/option><option value=\"EC\">ECUADOR<\/option><option value=\"EG\">\u00c4GYPTEN<\/option><option value=\"SV\">EL SALVADOR<\/option><option value=\"GQ\">\u00c4QUATORIALGUINEA<\/option><option value=\"ER\">ERITREA<\/option><option value=\"EE\">ESTLAND<\/option><option value=\"ET\">\u00c4THIOPIEN<\/option><option value=\"FK\">FALKLAND ISLANDS (MALVINAS)<\/option><option value=\"FO\">F\u00e4r\u00f6er<\/option><option value=\"FJ\">FIDSCHI<\/option><option value=\"FI\">FINNLAND<\/option><option value=\"FR\">FRANKREICH<\/option><option value=\"GF\">FRENCH GUIANA<\/option><option value=\"PF\">Franz\u00f6sisch-Polynesien<\/option><option value=\"TF\">Franz\u00f6sische S\u00fcd- und Antarktisgebiete<\/option><option value=\"GA\">Gabun<\/option><option value=\"GM\">GAMBIA<\/option><option value=\"GE\">GEORGIEN<\/option><option value=\"DE\">DEUTSCHLAND<\/option><option value=\"GH\">GHANA<\/option><option value=\"GI\">GIBRALTAR<\/option><option value=\"GR\">GRIECHENLAND<\/option><option value=\"GL\">GR\u00d6NLAND<\/option><option value=\"GD\">GRENADA<\/option><option value=\"GP\">GUADELOUPE<\/option><option value=\"GU\">GUAM<\/option><option value=\"GT\">GUATEMALA<\/option><option value=\"GN\">GUINEA<\/option><option value=\"GW\">GUINEA-BISSAU<\/option><option value=\"GY\">GUYANA<\/option><option value=\"HT\">HAITI<\/option><option value=\"VA\">Heiliger Stuhl (Staat Vatikanstadt)<\/option><option value=\"HN\">HONDURAS<\/option><option value=\"HK\">Hongkong<\/option><option value=\"HU\">UNGARN<\/option><option value=\"IS\">ISLAND<\/option><option value=\"IN\">INDIA<\/option><option value=\"ID\">INDONESIEN<\/option><option value=\"IR\">IRAN ISLAMIC REPUBLIC OF<\/option><option value=\"IQ\">IRAK<\/option><option value=\"IE\">IRELAND<\/option><option value=\"IL\">ISRAEL<\/option><option value=\"IT\">ITALY<\/option><option value=\"CI\">IVORY COAST<\/option><option value=\"JM\">JAMAIKA<\/option><option value=\"JP\">JAPAN<\/option><option value=\"JO\">JORDAN<\/option><option value=\"KZ\">KASACHSTAN<\/option><option value=\"KE\">KENIA<\/option><option value=\"KI\">KIRIBATI<\/option><option value=\"KP\">KOREA<\/option><option value=\"KR\">KOREA REPUBLIC OF<\/option><option value=\"KW\">KUWAIT<\/option><option value=\"KG\">KIRGISISTAN<\/option><option value=\"LA\">LAOS<\/option><option value=\"LV\">LATVIA<\/option><option value=\"LB\">LEBANON<\/option><option value=\"LS\">LESOTHO<\/option><option value=\"LR\">LIBERIA<\/option><option value=\"LY\">Libyen<\/option><option value=\"LI\">LIECHTENSTEIN<\/option><option value=\"LT\">LITAUEN<\/option><option value=\"LU\">LUXEMBURG<\/option><option value=\"MO\">MACAU<\/option><option value=\"MK\">NORDMAZEDONIEN<\/option><option value=\"MG\">MADAGASKAR<\/option><option value=\"MW\">MALAWI<\/option><option value=\"MY\">MALAYSIA<\/option><option value=\"MV\">MALEDIVEN<\/option><option value=\"ML\">MALI<\/option><option value=\"MT\">MALTA<\/option><option value=\"MH\">MARSHALL ISLANDS<\/option><option value=\"MQ\">MARTINIQUE<\/option><option value=\"MR\">MAURETANIEN<\/option><option value=\"MU\">MAURITIUS<\/option><option value=\"YT\">MAYOTTE<\/option><option value=\"MX\">MEXIKO<\/option><option value=\"FM\">MIKRONESIEN<\/option><option value=\"MD\">MOLDOVA, REPUBLIC OF<\/option><option value=\"MC\">MONACO<\/option><option value=\"MN\">MONGOLEI<\/option><option value=\"ME\">MONTENEGRO<\/option><option value=\"MS\">MONTSERRAT<\/option><option value=\"MA\">MAROKKO<\/option><option value=\"MZ\">MOSAMBIK<\/option><option value=\"MM\">MYANMAR<\/option><option value=\"NA\">NAMIBIA<\/option><option value=\"NR\">NAURU<\/option><option value=\"NP\">NEPAL<\/option><option value=\"NL\">NIEDERLANDE<\/option><option value=\"AN\">NETHERLANDS ANTILLES<\/option><option value=\"NC\">NEW CALEDONIA<\/option><option value=\"NZ\">NEUSEELAND<\/option><option value=\"NI\">NICARAGUA<\/option><option value=\"NE\">NIGER<\/option><option value=\"NG\">NIGERIA<\/option><option value=\"NU\">NIUE<\/option><option value=\"NF\">NORFOLK ISLAND<\/option><option value=\"MP\">N\u00f6rdliche Marianen<\/option><option value=\"NO\">NORWAY<\/option><option value=\"OM\">OMAN<\/option><option value=\"PK\">PAKISTAN<\/option><option value=\"PW\">PALAU<\/option><option value=\"PS\">PALESTINIAN TERRITORY<\/option><option value=\"PA\">PANAMA<\/option><option value=\"PG\">Papua-Neuguinea<\/option><option value=\"PY\">PARAGUAY<\/option><option value=\"PE\">PERU<\/option><option value=\"PH\">PHILIPPINEN<\/option><option value=\"PN\">PITCAIRNINSELN<\/option><option value=\"PL\">POLEN<\/option><option value=\"PT\">PORTUGAL<\/option><option value=\"PR\">PUERTO RICO<\/option><option value=\"QA\">KATAR<\/option><option value=\"RE\">R\u00e9union<\/option><option value=\"RO\">RUM\u00c4NIEN<\/option><option value=\"RU\">RUSSIAN FEDERATION<\/option><option value=\"RW\">RUANDA<\/option><option value=\"SH\">SAINT HELENA<\/option><option value=\"KN\">SAINT KITTS AND NEVIS<\/option><option value=\"LC\">SAINT LUCIA<\/option><option value=\"PM\">Saint-Pierre und Miquelon<\/option><option value=\"WS\">SAMOA<\/option><option value=\"SM\">SAN MARINO<\/option><option value=\"ST\">S\u00e3o Tom\u00e9 und Pr\u00edncipe<\/option><option value=\"SA\">SAUDI-ARABIEN<\/option><option value=\"SN\">SENEGAL<\/option><option value=\"RS\">SERBIEN<\/option><option value=\"SC\">SEYCHELLEN<\/option><option value=\"SL\">SIERRA LEONE<\/option><option value=\"SG\">SINGAPUR<\/option><option value=\"SK\">SLOWAKEI<\/option><option value=\"SI\">SLOWENIEN<\/option><option value=\"SB\">Salomonen<\/option><option value=\"SO\">SOMALIA<\/option><option value=\"ZA\">S\u00dcDAFRIKA<\/option><option value=\"ES\">SPAIN<\/option><option value=\"LK\">SRI LANKA<\/option><option value=\"SD\">SUDAN<\/option><option value=\"SR\">SURINAM<\/option><option value=\"SJ\">SPITZBERGEN UND JAN MAYEN<\/option><option value=\"SZ\">ESWATINI<\/option><option value=\"SE\">SWEDEN<\/option><option value=\"CH\">SCHWEIZ<\/option><option value=\"SY\">SYRIAN ARAB REPUBLIC<\/option><option value=\"TW\">Taiwan<\/option><option value=\"TJ\">TADSCHIKISTAN<\/option><option value=\"TZ\">TANZANIA UNITED REPUBLIC OF<\/option><option value=\"TH\">THAILAND<\/option><option value=\"TL\">OSTTIMOR<\/option><option value=\"TG\">TOGO<\/option><option value=\"TK\">TOKELAU<\/option><option value=\"TO\">TONGA<\/option><option value=\"TT\">TRINIDAD AND TOBAGO<\/option><option value=\"TN\">TUNESIEN<\/option><option value=\"TR\">T\u00dcRKEI<\/option><option value=\"TM\">TURKMENISTAN<\/option><option value=\"TC\">TURKS- und CAICOSINSELN<\/option><option value=\"TV\">TUVALU<\/option><option value=\"UG\">UGANDA<\/option><option value=\"UA\">UKRAINE<\/option><option value=\"AE\">UNITED ARAB EMIRATES<\/option><option value=\"GB\">UNITED KINGDOM<\/option><option value=\"US\">UNITED STATES<\/option><option value=\"UY\">URUGUAY<\/option><option value=\"UZ\">USBEKISTAN<\/option><option value=\"VU\">VANUATU<\/option><option value=\"VE\">VENEZUELA<\/option><option value=\"VN\">VIETNAM<\/option><option value=\"VG\">VIRGIN ISLANDS BRITISH<\/option><option value=\"VI\">VIRGIN ISLANDS U.S.<\/option><option value=\"WF\">WALLIS UND FUTUNA<\/option><option value=\"EH\">WESTSAHARA<\/option><option value=\"YE\">JEMEN<\/option><option value=\"ZM\">SAMBIA<\/option><option value=\"ZW\">SIMBABWE<\/option>\t\t\t\t\t\t\t<\/select>\n\t\t\t\t\t\t\t\t\t\t\t\t\t\t\t<label for=\"_companyName\">Firma <\/label>\n\t\t\t\t\t\n\t\t\t\t\t\t\t\t\t\t\t\t\t<input type=\"text\" id=\"_companyName\" name=\"_companyName\" value=\"\"  \/>\n\t\t\t\t\t\t\t\t\t\t\t\t\t\t\t<label for=\"_websiteUrl\">Webseite &nbsp;*<\/label>\n\t\t\t\t\t\n\t\t\t\t\t\t\t\t\t\t\t\t\t<input type=\"text\" id=\"_websiteUrl\" name=\"_websiteUrl\" value=\"\" required \/>\n\t\t\t\t\t\t\t\t\t\t    \n                            <label for=\"chkAgreeTerms\" id=\"agreeTermsLabel\" class=\"pure-checkbox\"><input type=\"checkbox\" id=\"chkAgreeTerms\" name=\"chkAgreeTerms\"  required \/>&nbsp;Ich habe sie gelesen und stimme ihnen zu  <a target=\"_blank\" href=\"https:\/\/www.gamingchairs.eu\/affiliate-terms-of-use\/\">Gesch\u00e4ftsbedingungen<\/a><\/label>\n                            <div id=\"termsAgreeWarning\" style=\"color: red; display: none\">Sie m\u00fcssen den Bedingungen zustimmen.<\/div>\n\t\t\t    \n                <!--<div class=\"wpam-registration-form\">-->\n                <input type=\"hidden\" name=\"wpam_reg_submit\" value=\"1\" \/>\n                <input type=\"submit\" name=\"submit\" value=\"Bewerbung einreichen\" class=\"wpam-registration-form-submit pure-button pure-button-active\" \/>\n                <!--<\/div>-->  \n                <\/fieldset>\n<\/form>\n<\/div>\n<div id=\"tncDialog\" style=\"display: none\">\n\t<div id=\"termsBox\" style=\"padding: 20px; width: auto; height: 380px; overflow: scroll; background-color: white; color: black; border: 1px solid black; white-space: pre-wrap;\"><p>As an authorized affiliate (Affiliate) of Gaming Chairs &amp; Events, you agree to abide by the terms and conditions contained in this Agreement (Agreement). Please read the entire Agreement carefully before registering and promoting Gaming Chairs &amp; Events as an Affiliate.<\/p>\n\t\t<p>Your participation in the Program is solely to legally advertise our website to receive a commission on memberships and products purchased by individuals referred to Gaming Chairs &amp; Events by your own website or personal referrals.<\/p>\n\t\t<p>By signing up for the Gaming Chairs &amp; Events Affiliate Program (Program), you indicate your acceptance of this Agreement and its terms and conditions.<\/p>\n\t<h2 id=\"approval-or-rejection\">Approval or Rejection of the Application<\/h2>\n\t<p>We reserve the right to approve or reject ANY Affiliate Program Application at our sole and absolute discretion. You will have no legal recourse against us for the rejection of your Affiliate Program Application.<\/p>\n\t<h2 id=\"commissions\">Commissions<\/h2>\n\t<p>Commissions will be paid once a month. For an Affiliate to receive a commission, the referred account must remain active for a minimum of 31 days.<\/p>\n\t<p>You cannot refer yourself, and you will not receive a commission on your own accounts.<\/p>\n\t<p>Payments will only be sent for transactions that have been successfully completed. Transactions that result in chargebacks or refunds will not be paid out.<\/p>\n\t<h2 id=\"termination\">Termination<\/h2>\n\t<p>Your affiliate application and status in the Program may be suspended or terminated for any of the following reasons:<\/p>\n\t<ul>\n\t\t<li>Inappropriate advertisements (false claims, misleading hyperlinks, etc.).<\/li>\n\t\t<li>Spamming (mass email, mass newsgroup posting, etc.).<\/li>\n\t\t<li>Advertising on sites containing or promoting illegal activities.<\/li>\n\t\t<li>Failure to disclose the affiliate relationship for any promotion that qualifies as an endorsement under existing Federal Trade Commission guidelines and regulations, or any applicable state laws.<\/li>\n\t\t\t\t<li>Violation of intellectual property rights. Gaming Chairs &amp; Events reserves the right to require license agreements from those who employ trademarks of Gaming Chairs &amp; Events in order to protect our intellectual property rights.<\/li>\n\t\t\t\t<li>Offering rebates, coupons, or other form of promised kick-backs from your affiliate commission as an incentive. Adding bonuses or bundling other products with Gaming Chairs &amp; Events, however, is acceptable.<\/li>\n\t\t<li>Self referrals, fraudulent transactions, suspected Affiliate fraud.<\/li>\n\t<\/ul>\n\t\t<p>In addition to the foregoing, Gaming Chairs &amp; Events reserves the right to terminate any Affiliate account at any time, for any violations of this Agreement or no reason.<\/p>\n\t<h2 id=\"affiliate-links\">Affiliate Links<\/h2>\n\t\t<p>You may use graphic and text links both on your website and within in your email messages. You may also advertise the Gaming Chairs &amp; Events site in online and offline classified ads, magazines, and newspapers.<\/p>\n\t<p>You may use the graphics and text provided by us, or you may create your own as long as they are deemed appropriate according to the conditions and not in violation as outlined in the Termination section.<\/p>\n\t<h2 id=\"coupon-and-deal-sites\">Coupon and Deal Sites<\/h2>\n\t\t<p>Gaming Chairs &amp; Events occasionally offers coupon to select affiliates and to our newsletter subscribers. If you\u2019re not pre-approved \/ assigned a branded coupon, then you\u2019re not allowed to promote the coupon. Below are the terms that apply for any affiliate who is considering the promotion of our products in relation to a deal or coupon:<\/p>\n\t<ul>\n\t\t<li>Affiliates may not use misleading text on affiliate links, buttons or images to imply that anything besides currently authorized deals to the specific affiliate.<\/li>\n\t\t\t\t<li>Affiliates may not bid on Gaming Chairs &amp; Events Coupons, Gaming Chairs &amp; Events Discounts or other phrases implying coupons are available.<\/li>\n\t\t<li>Affiliates may not generate pop-ups, pop-unders, iframes, frames, or any other seen or unseen actions that set affiliate cookies unless the user has expressed a clear and explicit interest in activating a specific savings by clicking on a clearly marked link, button or image for that particular coupon or deal. Your link must send the visitor to the merchant site.<\/li>\n\t\t<li>User must be able to see coupon\/deal\/savings information and details before an affiliate cookie is set (i.e. \u201cclick here to see coupons and open a window to merchant site\u201d is NOT allowed).<\/li>\n\t\t<li>Affiliate sites may not have \u201cClick for (or to see) Deal\/Coupon\u201d or any variation, when there are no coupons or deals available, and the click opens the merchant site or sets a cookie. Affiliates with such text on the merchant landing page will be removed from the program immediately.<\/li>\n\t<\/ul>\n\t<h2 id=\"ppc-policy\">Pay Per Click (PPC) Policy<\/h2>\n\t<p>PPC bidding is NOT allowed without prior written permission.<\/p>\n\t<h2 id=\"liability\">Liability<\/h2>\n\t\t<p>Gaming Chairs &amp; Events will not be liable for indirect or accidental damages (loss of revenue, commissions) due to affiliate tracking failures, loss of database files, or any results of intents of harm to the Program and\/or to our website(s).<\/p>\n\t\t<p>We do not make any expressed or implied warranties with respect to the Program and\/or the memberships or products sold by Gaming Chairs &amp; Events. We make no claim that the operation of the Program and\/or our website(s) will be error-free and we will not be liable for any interruptions or errors.<\/p>\n\t<h2 id=\"term-of-agreement\">Term of the Agreement<\/h2>\n\t<p>The term of this Agreement begins upon your acceptance in the Program and will end when your Affiliate account is terminated.<\/p>\n\t<p>The terms and conditions of this agreement may be modified by us at any time. If any modification to the terms and conditions of this Agreement are unacceptable to you, your only choice is to terminate your Affiliate account. Your continuing participation in the Program will constitute your acceptance of any change.<\/p>\n\t<h2 id=\"indemnification\">Indemnification<\/h2>\n\t\t<p>Affiliate shall indemnify and hold harmless Gaming Chairs &amp; Events and its affiliate and subsidiary companies, officers, directors, employees, licensees, successors and assigns, including those licensed or authorized by Gaming Chairs &amp; Events to transmit and distribute materials, from any and all liabilities, damages, fines, judgments, claims, costs, losses, and expenses (including reasonable legal fees and costs) arising out of or related to any and all claims sustained in connection with this Agreement due to the negligence, misrepresentation, failure to disclose, or intentional misconduct of Affiliate.<\/p>\n\t<h2 id=\"electronic-signatures-effective\">Electronic Signatures Effective<\/h2>\n\t\t<p>The Agreement is an electronic contract that sets out the legally binding terms of your participation in the Gaming Chairs &amp; Events affiliate program. You indicate your acceptance of this Agreement and all of the terms and conditions contained or referenced in this Agreement by completing the Gaming Chairs &amp; Events application process. This action creates an electronic signature that has the same legal force and effect as a handwritten signature.<\/p><\/div>\n<\/div>\n<\/div>\n\t\t\t\t\t\t<\/div>\n\t\t\t\t<\/div>\n\t\t\t\t\t<\/div>\n\t\t\t\t<\/div>\n\t\t\t\t<\/div>\n\t\t","protected":false},"excerpt":{"rendered":"","protected":false},"author":1,"featured_media":0,"parent":4281,"menu_order":0,"comment_status":"closed","ping_status":"closed","template":"","meta":{"footnotes":""},"class_list":["post-4287","page","type-page","status-publish","hentry"],"_links":{"self":[{"href":"https:\/\/www.gamingchairs.eu\/de\/wp-json\/wp\/v2\/pages\/4287","targetHints":{"allow":["GET"]}}],"collection":[{"href":"https:\/\/www.gamingchairs.eu\/de\/wp-json\/wp\/v2\/pages"}],"about":[{"href":"https:\/\/www.gamingchairs.eu\/de\/wp-json\/wp\/v2\/types\/page"}],"author":[{"embeddable":true,"href":"https:\/\/www.gamingchairs.eu\/de\/wp-json\/wp\/v2\/users\/1"}],"replies":[{"embeddable":true,"href":"https:\/\/www.gamingchairs.eu\/de\/wp-json\/wp\/v2\/comments?post=4287"}],"version-history":[{"count":1,"href":"https:\/\/www.gamingchairs.eu\/de\/wp-json\/wp\/v2\/pages\/4287\/revisions"}],"predecessor-version":[{"id":4289,"href":"https:\/\/www.gamingchairs.eu\/de\/wp-json\/wp\/v2\/pages\/4287\/revisions\/4289"}],"up":[{"embeddable":true,"href":"https:\/\/www.gamingchairs.eu\/de\/wp-json\/wp\/v2\/pages\/4281"}],"wp:attachment":[{"href":"https:\/\/www.gamingchairs.eu\/de\/wp-json\/wp\/v2\/media?parent=4287"}],"curies":[{"name":"wp","href":"https:\/\/api.w.org\/{rel}","templated":true}]}}