{"id":3642,"date":"2024-11-16T21:48:00","date_gmt":"2024-11-16T20:48:00","guid":{"rendered":"https:\/\/www.gamingchairs.eu\/product\/tc5-max-weiss-schwarz-blau\/"},"modified":"2026-01-11T01:23:35","modified_gmt":"2026-01-11T00:23:35","slug":"tc5-max-weiss-schwarz-blau","status":"publish","type":"product","link":"https:\/\/www.gamingchairs.eu\/de\/shop\/produkte\/gaming-stuehle\/tc5-max-weiss-schwarz-blau\/","title":{"rendered":"TC5 Max &#8211; Wei\u00df, Schwarz &amp; Blau"},"content":{"rendered":"<p>Mit seinem XXL-Design mit einer R\u00fcckenlehnenh\u00f6he von 90 cm und einer gr\u00f6\u00dferen Tiefe und Breite bietet der TC5 MAX mehr Platz und maximalen Komfort, vor allem f\u00fcr gr\u00f6\u00dfere und kr\u00e4ftige Menschen. Mit 12 stilvollen und lebendigen Farboptionen kannst du dich selbst ausdr\u00fccken und deinen eigenen einzigartigen Look rocken. Die Kombination aus einzigartigem Design und hochwertigen Materialien wie AIR Tech, Premium-Kunstleder mit Karbonfaser-Muster, Latexschaum und hochdichtem Schaumstoff sorgt f\u00fcr maximalen Komfort und Langlebigkeit und verleiht deinem Gaming-Setup einen stylischen und futuristischen Look. <\/p>\n<ul>\n<li>Erh\u00e4ltlich in 12 Farboptionen<\/li>\n<li>Eigenes Design mit eingraviertem ThunderX3-Logo auf Seitenabdeckungen, Armlehnen und Rollen<\/li>\n<li>Latexschaum im Sitz und in den Kopf- und R\u00fcckenpolstern f\u00fcr zus\u00e4tzlichen Komfort und Halt<\/li>\n<li>AIR Tech f\u00fcr maximale Atmungsaktivit\u00e4t<\/li>\n<li>Premium-Kunstleder mit Muster im Karbonfaser-Stil<\/li>\n<li>Schaumstoff mit hoher Dichte f\u00fcr ganzt\u00e4gigen Komfort<\/li>\n<li>Verstellbare dreidirektionale Armlehnen<\/li>\n<li>Verstellbare Kopf- und R\u00fcckenkissen<\/li>\n<li>Der hydraulische Gaslift der Klasse 4 tr\u00e4gt bis zu 150 kg<\/li>\n<li>Verstellbare, verstellbare R\u00fcckenlehne<\/li>\n<\/ul>\n","protected":false},"excerpt":{"rendered":"<p>Der ThunderX3 TC5 Max Gamer Chair ist die perfekte Wahl f\u00fcr alle, die bei ihren Gaming-Sessions auf maximalen Komfort und Stil Wert legen. Mit seinem XXL-Design ist dieser Stuhl speziell f\u00fcr gr\u00f6\u00dfere und gro\u00dfe Menschen konzipiert und bietet eine 25 cm h\u00f6here R\u00fcckenlehne sowie eine gr\u00f6\u00dfere Tiefe und Breite. <\/p>\n","protected":false},"featured_media":2881,"comment_status":"open","ping_status":"closed","template":"","meta":[],"product_brand":[],"product_cat":[153,151],"product_tag":[284],"class_list":{"0":"post-3642","1":"product","2":"type-product","3":"status-publish","4":"has-post-thumbnail","6":"product_cat-gaming-stuehle","7":"product_cat-produkte","8":"product_tag-xxl-de","10":"first","11":"outofstock","12":"taxable","13":"shipping-taxable","14":"purchasable","15":"product-type-simple"},"_links":{"self":[{"href":"https:\/\/www.gamingchairs.eu\/de\/wp-json\/wp\/v2\/product\/3642","targetHints":{"allow":["GET"]}}],"collection":[{"href":"https:\/\/www.gamingchairs.eu\/de\/wp-json\/wp\/v2\/product"}],"about":[{"href":"https:\/\/www.gamingchairs.eu\/de\/wp-json\/wp\/v2\/types\/product"}],"replies":[{"embeddable":true,"href":"https:\/\/www.gamingchairs.eu\/de\/wp-json\/wp\/v2\/comments?post=3642"}],"version-history":[{"count":0,"href":"https:\/\/www.gamingchairs.eu\/de\/wp-json\/wp\/v2\/product\/3642\/revisions"}],"wp:featuredmedia":[{"embeddable":true,"href":"https:\/\/www.gamingchairs.eu\/de\/wp-json\/wp\/v2\/media\/2881"}],"wp:attachment":[{"href":"https:\/\/www.gamingchairs.eu\/de\/wp-json\/wp\/v2\/media?parent=3642"}],"wp:term":[{"taxonomy":"product_brand","embeddable":true,"href":"https:\/\/www.gamingchairs.eu\/de\/wp-json\/wp\/v2\/product_brand?post=3642"},{"taxonomy":"product_cat","embeddable":true,"href":"https:\/\/www.gamingchairs.eu\/de\/wp-json\/wp\/v2\/product_cat?post=3642"},{"taxonomy":"product_tag","embeddable":true,"href":"https:\/\/www.gamingchairs.eu\/de\/wp-json\/wp\/v2\/product_tag?post=3642"}],"curies":[{"name":"wp","href":"https:\/\/api.w.org\/{rel}","templated":true}]}}