{"id":3682,"date":"2026-01-11T00:36:43","date_gmt":"2026-01-10T23:36:43","guid":{"rendered":"https:\/\/www.gamingchairs.eu\/product\/xc3-schwarz\/"},"modified":"2026-01-11T01:23:29","modified_gmt":"2026-01-11T00:23:29","slug":"xc3-schwarz","status":"publish","type":"product","link":"https:\/\/www.gamingchairs.eu\/de\/shop\/produkte\/gaming-stuehle\/xc3-schwarz\/","title":{"rendered":"XC3 &#8211; Schwarz"},"content":{"rendered":"<ul>\n<li>Erh\u00e4ltlich in 6 Farboptionen<\/li>\n<li>Eingravierte ThunderX3-Logos sorgen f\u00fcr ein elegantes Aussehen und Gef\u00fchl<\/li>\n<li>AIR Tech f\u00fcr maximale Atmungsaktivit\u00e4t<\/li>\n<li>Premium-Kunstleder mit Muster im Karbonfaser-Stil<\/li>\n<li>Schaumstoff mit hoher Dichte f\u00fcr erstklassigen Komfort<\/li>\n<li>Verstellbare Kopf- und R\u00fcckenkissen<\/li>\n<li>Mechanismus zur Neigungssteuerung<\/li>\n<li>Verstellbare, verstellbare R\u00fcckenlehne<\/li>\n<li>Der hydraulische Gaslift der Klasse 4 tr\u00e4gt bis zu 150 kg<\/li>\n<\/ul>\n","protected":false},"excerpt":{"rendered":"<p>Mit 6 stilvollen Farboptionen kannst du dich selbst ausdr\u00fccken und deinen eigenen einzigartigen Look kreieren. Mit seinem ergonomischen Design und den verstellbaren Kopf- und R\u00fcckenpolstern sorgt dieser Gaming-Stuhl daf\u00fcr, dass du dich jederzeit bequem und entspannt f\u00fchlst. Die AIR-Technologie in der Sitzfl\u00e4che und der R\u00fcckenlehne des Stuhls erh\u00f6ht die Atmungsaktivit\u00e4t und Luftzirkulation und sorgt daf\u00fcr, dass du beim Spielen bequem und k\u00fchl bleibst.  <\/p>\n","protected":false},"featured_media":2242,"comment_status":"open","ping_status":"closed","template":"","meta":[],"product_brand":[],"product_cat":[153,151],"product_tag":[],"class_list":{"0":"post-3682","1":"product","2":"type-product","3":"status-publish","4":"has-post-thumbnail","6":"product_cat-gaming-stuehle","7":"product_cat-produkte","9":"first","10":"outofstock","11":"taxable","12":"shipping-taxable","13":"purchasable","14":"product-type-simple"},"_links":{"self":[{"href":"https:\/\/www.gamingchairs.eu\/de\/wp-json\/wp\/v2\/product\/3682","targetHints":{"allow":["GET"]}}],"collection":[{"href":"https:\/\/www.gamingchairs.eu\/de\/wp-json\/wp\/v2\/product"}],"about":[{"href":"https:\/\/www.gamingchairs.eu\/de\/wp-json\/wp\/v2\/types\/product"}],"replies":[{"embeddable":true,"href":"https:\/\/www.gamingchairs.eu\/de\/wp-json\/wp\/v2\/comments?post=3682"}],"version-history":[{"count":1,"href":"https:\/\/www.gamingchairs.eu\/de\/wp-json\/wp\/v2\/product\/3682\/revisions"}],"predecessor-version":[{"id":4310,"href":"https:\/\/www.gamingchairs.eu\/de\/wp-json\/wp\/v2\/product\/3682\/revisions\/4310"}],"wp:featuredmedia":[{"embeddable":true,"href":"https:\/\/www.gamingchairs.eu\/de\/wp-json\/wp\/v2\/media\/2242"}],"wp:attachment":[{"href":"https:\/\/www.gamingchairs.eu\/de\/wp-json\/wp\/v2\/media?parent=3682"}],"wp:term":[{"taxonomy":"product_brand","embeddable":true,"href":"https:\/\/www.gamingchairs.eu\/de\/wp-json\/wp\/v2\/product_brand?post=3682"},{"taxonomy":"product_cat","embeddable":true,"href":"https:\/\/www.gamingchairs.eu\/de\/wp-json\/wp\/v2\/product_cat?post=3682"},{"taxonomy":"product_tag","embeddable":true,"href":"https:\/\/www.gamingchairs.eu\/de\/wp-json\/wp\/v2\/product_tag?post=3682"}],"curies":[{"name":"wp","href":"https:\/\/api.w.org\/{rel}","templated":true}]}}