{"id":4301,"date":"2024-10-30T22:01:09","date_gmt":"2024-10-30T21:01:09","guid":{"rendered":"https:\/\/www.gamingchairs.eu\/shop\/unkategorisiert\/pro-h7-rgb-headset\/"},"modified":"2026-01-11T01:23:37","modified_gmt":"2026-01-11T00:23:37","slug":"pro-h7-rgb-headset","status":"publish","type":"product","link":"https:\/\/www.gamingchairs.eu\/de\/shop\/produkte\/peripherie\/pro-h7-rgb-headset\/","title":{"rendered":"Pro H7 RGB Headset"},"content":{"rendered":"<ul>\n<li><strong>NEXT GENERATION:<\/strong> Der PRO-H7 ist eine brandneue Generation von Stereo-2.0-Kopfh\u00f6rern, die speziell entwickelt wurden, um dich direkt in das Herz der Action einzutauchen. Die 40-mm-Lautsprecher sorgen f\u00fcr erstaunlich klaren Sound und kr\u00e4ftige B\u00e4sse. <\/li>\n<li><strong>CROSS-PLATFORM KOMPATIBEL*<\/strong> Die Kopfh\u00f6rer werden \u00fcber das Hauptkabel direkt an die HD-Audioanschl\u00fcsse deines PCs angeschlossen. Ein 20 cm langes Verl\u00e4ngerungskabel ist im Lieferumfang enthalten, um das Headset an die 3,5-mm-Buchse deines PlayStation-Controllers, deiner Xbox, deiner Nintendo Switch-Konsole und sogar deines Smartphones oder Macs anzuschlie\u00dfen. <\/li>\n<li><strong>FEINDE IM ANMARSCH!<\/strong>  Sein omnidirektionales, ger\u00e4uschreduzierendes Mikrofon sorgt f\u00fcr klare und pr\u00e4zise Gespr\u00e4che mit deinen Teamkollegen. Flexibel, du kannst es schnell einstellen und verstauen. Mit der kabelgebundenen Fernbedienung kannst du ganz einfach die Lautst\u00e4rke einstellen und das Mikrofon steuern.  <\/li>\n<li><strong>RGB HINTERGRUNDBELEUCHTUNG:<\/strong> Wenn du das RGB-kompatible USB-Kabel anschlie\u00dft, leuchtet dein Headset auf und bietet eine ultra-designte Rainbow-RGB-Hintergrundbeleuchtung der Kopfh\u00f6rer. Ein ultra-trendiger Gamer-Look, der dein Setup sublimiert! <\/li>\n<li><strong>ULTIMATE COMFORT<\/strong>: Das ohrumschlie\u00dfende Design der Kopfh\u00f6rer umschlie\u00dft deine Ohren, die Leichtigkeit der Ohrst\u00f6psel bietet perfekte Schalld\u00e4mmung, damit du dich auf dein Spiel konzentrieren kannst. Die Polsterung und das gefederte Kunstleder-Kopfband sind f\u00fcr lang anhaltenden Komfort gepolstert. <\/li>\n<\/ul>\n","protected":false},"excerpt":{"rendered":"<p>Der Spirit of Gamer PRO-H7 ist eine brandneue Generation von Stereo-2.0-Kopfh\u00f6rern, die speziell entwickelt wurden, um dich direkt ins Herz der Action einzutauchen.<\/p>\n","protected":false},"featured_media":1600,"comment_status":"open","ping_status":"closed","template":"","meta":[],"product_brand":[334],"product_cat":[157,151],"product_tag":[272],"class_list":{"0":"post-4301","1":"product","2":"type-product","3":"status-publish","4":"has-post-thumbnail","6":"product_brand-spirit-of-gamer","7":"product_cat-peripherie","8":"product_cat-produkte","9":"product_tag-rgb-de","11":"first","12":"instock","13":"taxable","14":"shipping-taxable","15":"purchasable","16":"product-type-simple"},"_links":{"self":[{"href":"https:\/\/www.gamingchairs.eu\/de\/wp-json\/wp\/v2\/product\/4301","targetHints":{"allow":["GET"]}}],"collection":[{"href":"https:\/\/www.gamingchairs.eu\/de\/wp-json\/wp\/v2\/product"}],"about":[{"href":"https:\/\/www.gamingchairs.eu\/de\/wp-json\/wp\/v2\/types\/product"}],"replies":[{"embeddable":true,"href":"https:\/\/www.gamingchairs.eu\/de\/wp-json\/wp\/v2\/comments?post=4301"}],"version-history":[{"count":0,"href":"https:\/\/www.gamingchairs.eu\/de\/wp-json\/wp\/v2\/product\/4301\/revisions"}],"wp:featuredmedia":[{"embeddable":true,"href":"https:\/\/www.gamingchairs.eu\/de\/wp-json\/wp\/v2\/media\/1600"}],"wp:attachment":[{"href":"https:\/\/www.gamingchairs.eu\/de\/wp-json\/wp\/v2\/media?parent=4301"}],"wp:term":[{"taxonomy":"product_brand","embeddable":true,"href":"https:\/\/www.gamingchairs.eu\/de\/wp-json\/wp\/v2\/product_brand?post=4301"},{"taxonomy":"product_cat","embeddable":true,"href":"https:\/\/www.gamingchairs.eu\/de\/wp-json\/wp\/v2\/product_cat?post=4301"},{"taxonomy":"product_tag","embeddable":true,"href":"https:\/\/www.gamingchairs.eu\/de\/wp-json\/wp\/v2\/product_tag?post=4301"}],"curies":[{"name":"wp","href":"https:\/\/api.w.org\/{rel}","templated":true}]}}