{"id":4319,"date":"2024-10-29T22:21:11","date_gmt":"2024-10-29T21:21:11","guid":{"rendered":"https:\/\/www.gamingchairs.eu\/shop\/unkategorisiert\/deathadder-essential-gaming-maus\/"},"modified":"2026-01-11T01:23:38","modified_gmt":"2026-01-11T00:23:38","slug":"deathadder-essential-gaming-maus","status":"publish","type":"product","link":"https:\/\/www.gamingchairs.eu\/de\/shop\/produkte\/peripherie\/deathadder-essential-gaming-maus\/","title":{"rendered":"DeathAdder Essential Gaming Maus"},"content":{"rendered":"<p><strong>Die unverzichtbare Gaming-Maus<\/strong> Seit mehr als einem Jahrzehnt ist die Razer DeathAdder-Reihe eine feste Gr\u00f6\u00dfe in der globalen Esport-Arena. Sie hat sich einen guten Ruf f\u00fcr ihre Zuverl\u00e4ssigkeit erworben, auf die Gamer aufgrund ihrer bew\u00e4hrten Haltbarkeit und Ergonomie schw\u00f6ren. Jetzt machen wir sie mit ihrem neuesten Nachfolger, der Razer DeathAdder Essential, noch besser zug\u00e4nglich.<strong>Seidenweiche Reaktionsf\u00e4higkeit<\/strong><strong>Lagfreie 2,4-GHz-Wireless-Verbindung<\/strong> Das Model D Wireless beseitigt frustrierende Latenzzeiten mit seiner branchenf\u00fchrenden Wireless-Verbindung. Die hochmoderne Technologie im Inneren verhindert Doppelklicks und Unempfindlichkeit und sorgt f\u00fcr einen unglaublich reibungslosen Betrieb.<\/p>\n","protected":false},"excerpt":{"rendered":"<p>Die Razer DeathAdder-Familie ist eine der bekanntesten und anerkanntesten Gaming-M\u00e4use der Welt. Mit \u00fcber 9 Millionen verkauften Exemplaren weltweit und Dutzenden von Auszeichnungen ist es keine \u00dcberraschung, dass die Razer DeathAdder seit ihrer Einf\u00fchrung Kultstatus genie\u00dft. <\/p>\n","protected":false},"featured_media":2695,"comment_status":"open","ping_status":"closed","template":"","meta":[],"product_brand":[338],"product_cat":[157,151],"product_tag":[272],"class_list":{"0":"post-4319","1":"product","2":"type-product","3":"status-publish","4":"has-post-thumbnail","6":"product_brand-razer","7":"product_cat-peripherie","8":"product_cat-produkte","9":"product_tag-rgb-de","11":"first","12":"instock","13":"taxable","14":"shipping-taxable","15":"purchasable","16":"product-type-simple"},"_links":{"self":[{"href":"https:\/\/www.gamingchairs.eu\/de\/wp-json\/wp\/v2\/product\/4319","targetHints":{"allow":["GET"]}}],"collection":[{"href":"https:\/\/www.gamingchairs.eu\/de\/wp-json\/wp\/v2\/product"}],"about":[{"href":"https:\/\/www.gamingchairs.eu\/de\/wp-json\/wp\/v2\/types\/product"}],"replies":[{"embeddable":true,"href":"https:\/\/www.gamingchairs.eu\/de\/wp-json\/wp\/v2\/comments?post=4319"}],"version-history":[{"count":0,"href":"https:\/\/www.gamingchairs.eu\/de\/wp-json\/wp\/v2\/product\/4319\/revisions"}],"wp:featuredmedia":[{"embeddable":true,"href":"https:\/\/www.gamingchairs.eu\/de\/wp-json\/wp\/v2\/media\/2695"}],"wp:attachment":[{"href":"https:\/\/www.gamingchairs.eu\/de\/wp-json\/wp\/v2\/media?parent=4319"}],"wp:term":[{"taxonomy":"product_brand","embeddable":true,"href":"https:\/\/www.gamingchairs.eu\/de\/wp-json\/wp\/v2\/product_brand?post=4319"},{"taxonomy":"product_cat","embeddable":true,"href":"https:\/\/www.gamingchairs.eu\/de\/wp-json\/wp\/v2\/product_cat?post=4319"},{"taxonomy":"product_tag","embeddable":true,"href":"https:\/\/www.gamingchairs.eu\/de\/wp-json\/wp\/v2\/product_tag?post=4319"}],"curies":[{"name":"wp","href":"https:\/\/api.w.org\/{rel}","templated":true}]}}