{"id":5135,"date":"2025-05-04T20:00:30","date_gmt":"2025-05-04T18:00:30","guid":{"rendered":"https:\/\/www.gamingchairs.eu\/?post_type=product&#038;p=5135"},"modified":"2026-01-14T21:53:59","modified_gmt":"2026-01-14T20:53:59","slug":"noblechairs-epic-white-gaming-chair","status":"publish","type":"product","link":"https:\/\/www.gamingchairs.eu\/de\/shop\/produkte\/gaming-stuehle\/noblechairs-epic-white-gaming-chair\/","title":{"rendered":"Noblechairs Epic -Wei\u00df"},"content":{"rendered":"<h3>Spezifikationen<\/h3>\n<ul>\n<li>Praktische Kippfunktion (max. 11\u00b0)<\/li>\n<li>4D Armlehnen mit maximaler Verstellbarkeit<\/li>\n<li>Verstellbarer Winkel der R\u00fcckenlehne (90\u00b0 bis 135\u00b0)<\/li>\n<li>Verstellbare Sitzh\u00f6he (ca. 48 &#8211; 58 cm)<\/li>\n<li>Zwei bequeme Kissen inklusive<\/li>\n<li>Verformungsbest\u00e4ndiger Kaltschaum<\/li>\n<li>Langlebiger hydraulischer Gaslift (Klasse 4)<\/li>\n<li>Robuster Aluminiumsockel<\/li>\n<li>60-mm-Rollen f\u00fcr harte und weiche B\u00f6den<\/li>\n<li>Langlebiger Stahlkern<\/li>\n<li>Maximale Belastung von bis zu 120 kg<\/li>\n<li>Garantie des Herstellers: 2 Jahre<\/li>\n<li>Gewicht: ca. 28 kg <\/li>\n<li>Tiefe der Armlehne: 27 cm<\/li>\n<li>Breite der Armlehne: 10,5 cm<\/li>\n<li>Dossier R\u00fcckenlehne: 87cm<\/li>\n<li>Auflagefl\u00e4che der R\u00fcckenlehne: 29,5 cm<\/li>\n<li>Sitztiefe: 49,5 cm<\/li>\n<li>Sitzbreite: 56cm<\/li>\n<li>Aufstandsfl\u00e4che des Sitzes: 36cm<\/li>\n<li>Sitzh\u00f6he: 48-58cm<\/li>\n<li>Gesamttiefe: 56,5 cm<\/li>\n<li>Gesamth\u00f6he: 129,5 &#8211; 139,5cm<\/li>\n<\/ul>\n<h3>Material<\/h3>\n<ul>\n<li>Stahl (Rahmen)<\/li>\n<li>Kaltschaum (Polsterm\u00f6bel)<\/li>\n<li>Top-Grain-Leder, Nappaleder oder PU-Leder ( Abdeckung)<\/li>\n<li>Aluminium (Basis)<\/li>\n<li>Nylon \/ Polyurethan (Rollen)<\/li>\n<li>Polyurethan (Armlehnen)<\/li>\n<\/ul>\n","protected":false},"excerpt":{"rendered":"<p>Der <span class=\"tagify__input\" tabindex=\"0\" role=\"textbox\" contenteditable=\"true\" data-placeholder=\"Example: Rank Math SEO\" aria-placeholder=\"Example: Rank Math SEO\" aria-autocomplete=\"both\" aria-multiline=\"false\">Noblechairs Epic White <\/span>ist ein einzigartiger, luxuri\u00f6ser Gaming-Stuhl mit veganem Kunstlederbezug, erstklassigem Design, hochpr\u00e4ziser Fertigung sowie zahlreichen Funktionen und Einstellm\u00f6glichkeiten und 4D-Armlehnen. Inklusive Premium-Kissenset.<\/p>\n","protected":false},"featured_media":5167,"comment_status":"open","ping_status":"closed","template":"","meta":[],"product_brand":[],"product_cat":[153,151],"product_tag":[],"class_list":{"0":"post-5135","1":"product","2":"type-product","3":"status-publish","4":"has-post-thumbnail","6":"product_cat-gaming-stuehle","7":"product_cat-produkte","9":"first","10":"outofstock","11":"sale","12":"featured","13":"taxable","14":"shipping-taxable","15":"purchasable","16":"product-type-simple"},"_links":{"self":[{"href":"https:\/\/www.gamingchairs.eu\/de\/wp-json\/wp\/v2\/product\/5135","targetHints":{"allow":["GET"]}}],"collection":[{"href":"https:\/\/www.gamingchairs.eu\/de\/wp-json\/wp\/v2\/product"}],"about":[{"href":"https:\/\/www.gamingchairs.eu\/de\/wp-json\/wp\/v2\/types\/product"}],"replies":[{"embeddable":true,"href":"https:\/\/www.gamingchairs.eu\/de\/wp-json\/wp\/v2\/comments?post=5135"}],"version-history":[{"count":3,"href":"https:\/\/www.gamingchairs.eu\/de\/wp-json\/wp\/v2\/product\/5135\/revisions"}],"predecessor-version":[{"id":6243,"href":"https:\/\/www.gamingchairs.eu\/de\/wp-json\/wp\/v2\/product\/5135\/revisions\/6243"}],"wp:featuredmedia":[{"embeddable":true,"href":"https:\/\/www.gamingchairs.eu\/de\/wp-json\/wp\/v2\/media\/5167"}],"wp:attachment":[{"href":"https:\/\/www.gamingchairs.eu\/de\/wp-json\/wp\/v2\/media?parent=5135"}],"wp:term":[{"taxonomy":"product_brand","embeddable":true,"href":"https:\/\/www.gamingchairs.eu\/de\/wp-json\/wp\/v2\/product_brand?post=5135"},{"taxonomy":"product_cat","embeddable":true,"href":"https:\/\/www.gamingchairs.eu\/de\/wp-json\/wp\/v2\/product_cat?post=5135"},{"taxonomy":"product_tag","embeddable":true,"href":"https:\/\/www.gamingchairs.eu\/de\/wp-json\/wp\/v2\/product_tag?post=5135"}],"curies":[{"name":"wp","href":"https:\/\/api.w.org\/{rel}","templated":true}]}}