{"id":5708,"date":"2025-10-02T19:43:00","date_gmt":"2025-10-02T17:43:00","guid":{"rendered":"https:\/\/www.gamingchairs.eu\/?post_type=product&#038;p=5708"},"modified":"2026-01-11T01:23:32","modified_gmt":"2026-01-11T00:23:32","slug":"gaming-mauspad-xl-copy","status":"publish","type":"product","link":"https:\/\/www.gamingchairs.eu\/de\/shop\/produkte\/peripherie\/gaming-mauspad-xl-copy\/","title":{"rendered":"Gaming Mauspad &#8211; XL"},"content":{"rendered":"<p>Hochwertige, feinmaschige Stoffoberfl\u00e4che, auf der sich deine Maus reibungslos und pr\u00e4zise bewegen l\u00e4sst.<br \/>\nDie rutschfeste Gummibasis verhindert effektiv ein Verrutschen des Mauspads.<br \/>\nDie Kantenabdeckung sorgt f\u00fcr eine l\u00e4ngere Lebensdauer.<br \/>\nMit einer Gr\u00f6\u00dfe von 70 x 30 cm und einer Dicke von 3 mm bietet es eine gr\u00f6\u00dfere Nutzfl\u00e4che, um Tastatur, Maus und andere Gegenst\u00e4nde auf dem Schreibtisch beim Spielen abzudecken.<\/p>\n","protected":false},"excerpt":{"rendered":"<p>Hochwertige, feinmaschige Stoffoberfl\u00e4che, damit sich deine Maus geschmeidig und pr\u00e4zise bewegen kann.<\/p>\n","protected":false},"featured_media":5716,"comment_status":"open","ping_status":"closed","template":"","meta":[],"product_brand":[332],"product_cat":[157,151],"product_tag":[],"class_list":{"0":"post-5708","1":"product","2":"type-product","3":"status-publish","4":"has-post-thumbnail","6":"product_brand-havit","7":"product_cat-peripherie","8":"product_cat-produkte","10":"first","11":"instock","12":"taxable","13":"shipping-taxable","14":"purchasable","15":"product-type-simple"},"_links":{"self":[{"href":"https:\/\/www.gamingchairs.eu\/de\/wp-json\/wp\/v2\/product\/5708","targetHints":{"allow":["GET"]}}],"collection":[{"href":"https:\/\/www.gamingchairs.eu\/de\/wp-json\/wp\/v2\/product"}],"about":[{"href":"https:\/\/www.gamingchairs.eu\/de\/wp-json\/wp\/v2\/types\/product"}],"replies":[{"embeddable":true,"href":"https:\/\/www.gamingchairs.eu\/de\/wp-json\/wp\/v2\/comments?post=5708"}],"version-history":[{"count":2,"href":"https:\/\/www.gamingchairs.eu\/de\/wp-json\/wp\/v2\/product\/5708\/revisions"}],"predecessor-version":[{"id":5846,"href":"https:\/\/www.gamingchairs.eu\/de\/wp-json\/wp\/v2\/product\/5708\/revisions\/5846"}],"wp:featuredmedia":[{"embeddable":true,"href":"https:\/\/www.gamingchairs.eu\/de\/wp-json\/wp\/v2\/media\/5716"}],"wp:attachment":[{"href":"https:\/\/www.gamingchairs.eu\/de\/wp-json\/wp\/v2\/media?parent=5708"}],"wp:term":[{"taxonomy":"product_brand","embeddable":true,"href":"https:\/\/www.gamingchairs.eu\/de\/wp-json\/wp\/v2\/product_brand?post=5708"},{"taxonomy":"product_cat","embeddable":true,"href":"https:\/\/www.gamingchairs.eu\/de\/wp-json\/wp\/v2\/product_cat?post=5708"},{"taxonomy":"product_tag","embeddable":true,"href":"https:\/\/www.gamingchairs.eu\/de\/wp-json\/wp\/v2\/product_tag?post=5708"}],"curies":[{"name":"wp","href":"https:\/\/api.w.org\/{rel}","templated":true}]}}