{"id":6126,"date":"2026-01-10T20:46:11","date_gmt":"2026-01-10T19:46:11","guid":{"rendered":"https:\/\/www.gamingchairs.eu\/?post_type=product&#038;p=6126"},"modified":"2026-01-11T01:42:55","modified_gmt":"2026-01-11T00:42:55","slug":"dxracer-air-r1s-gpg-grey-pink-gaming-chair","status":"publish","type":"product","link":"https:\/\/www.gamingchairs.eu\/de\/shop\/produkte\/gaming-stuehle\/dxracer-air-r1s-gpg-grey-pink-gaming-chair\/","title":{"rendered":"DXRacer AIR R1S-GPG &#8211; Grau &amp; Rosa"},"content":{"rendered":"<p>Der AIR R1S ist der erste seiner Art, der recyceltes Mesh in Kombination mit einzigartigen Federungen verwendet, um dich das ganze Jahr \u00fcber k\u00fchl und komfortabel zu halten.<br \/>\nDas ultraatmungsaktive Mesh verbessert die Luftzirkulation und verringert den W\u00e4rme- und Feuchtigkeitsstau.<br \/>\nDer Stuhl hat eine integrierte verstellbare Lendenwirbelst\u00fctze, eine Kopfst\u00fctze aus Memory-Schaumstoff und eine verstellbare R\u00fcckenlehne, mit der du deine bevorzugte Sitzposition finden kannst.<br \/>\nMit der fortschrittlichen Multifunktionssteuerung kannst du den Sitz nicht nur vor- und zur\u00fcckschaukeln, sondern auch in stufenweise geneigten Positionen arretieren, was dir ein entspannteres Sitzerlebnis erm\u00f6glicht.<br \/>\nDie 4D-Armlehnen sind in vier verschiedene Richtungen verstellbar, wodurch sich fast unz\u00e4hlige Anpassungsm\u00f6glichkeiten ergeben.<br \/>\nDie gro\u00dfen, PU-beschichteten Rollen sorgen zusammen mit dem eingelegten farbigen Aluminium-Radgestell daf\u00fcr, dass der Stuhl sanft \u00fcber ebene Fl\u00e4chen rollt.<br \/>\nDer zertifizierte Gaslift der Klasse 4 hat eine maximale Tragf\u00e4higkeit von 150 kg und die empfohlene H\u00f6he betr\u00e4gt bis zu 200 cm.<\/p>\n","protected":false},"excerpt":{"rendered":"<p>Der DXRacer Air R1S ist mit seinen atmungsaktiven, vielseitigen und st\u00fctzenden Eigenschaften der ultimative Gaming-Stuhl.<\/p>\n","protected":false},"featured_media":6134,"comment_status":"open","ping_status":"closed","template":"","meta":[],"product_brand":[],"product_cat":[153,151],"product_tag":[],"class_list":{"0":"post-6126","1":"product","2":"type-product","3":"status-publish","4":"has-post-thumbnail","6":"product_cat-gaming-stuehle","7":"product_cat-produkte","9":"first","10":"outofstock","11":"sale","12":"taxable","13":"shipping-taxable","14":"purchasable","15":"product-type-simple"},"_links":{"self":[{"href":"https:\/\/www.gamingchairs.eu\/de\/wp-json\/wp\/v2\/product\/6126","targetHints":{"allow":["GET"]}}],"collection":[{"href":"https:\/\/www.gamingchairs.eu\/de\/wp-json\/wp\/v2\/product"}],"about":[{"href":"https:\/\/www.gamingchairs.eu\/de\/wp-json\/wp\/v2\/types\/product"}],"replies":[{"embeddable":true,"href":"https:\/\/www.gamingchairs.eu\/de\/wp-json\/wp\/v2\/comments?post=6126"}],"version-history":[{"count":2,"href":"https:\/\/www.gamingchairs.eu\/de\/wp-json\/wp\/v2\/product\/6126\/revisions"}],"predecessor-version":[{"id":6193,"href":"https:\/\/www.gamingchairs.eu\/de\/wp-json\/wp\/v2\/product\/6126\/revisions\/6193"}],"wp:featuredmedia":[{"embeddable":true,"href":"https:\/\/www.gamingchairs.eu\/de\/wp-json\/wp\/v2\/media\/6134"}],"wp:attachment":[{"href":"https:\/\/www.gamingchairs.eu\/de\/wp-json\/wp\/v2\/media?parent=6126"}],"wp:term":[{"taxonomy":"product_brand","embeddable":true,"href":"https:\/\/www.gamingchairs.eu\/de\/wp-json\/wp\/v2\/product_brand?post=6126"},{"taxonomy":"product_cat","embeddable":true,"href":"https:\/\/www.gamingchairs.eu\/de\/wp-json\/wp\/v2\/product_cat?post=6126"},{"taxonomy":"product_tag","embeddable":true,"href":"https:\/\/www.gamingchairs.eu\/de\/wp-json\/wp\/v2\/product_tag?post=6126"}],"curies":[{"name":"wp","href":"https:\/\/api.w.org\/{rel}","templated":true}]}}