{"id":3594,"date":"2024-08-17T16:04:21","date_gmt":"2024-08-17T14:04:21","guid":{"rendered":"https:\/\/www.gamingchairs.eu\/a-propos-de\/"},"modified":"2024-12-30T14:05:48","modified_gmt":"2024-12-30T13:05:48","slug":"a-propos-de","status":"publish","type":"page","link":"https:\/\/www.gamingchairs.eu\/fr\/a-propos-de\/","title":{"rendered":"\u00c0 propos de"},"content":{"rendered":"\t\t<div data-elementor-type=\"wp-page\" data-elementor-id=\"3594\" class=\"elementor elementor-3594 elementor-156\" data-elementor-post-type=\"page\">\n\t\t\t\t<div class=\"elementor-element elementor-element-197771d7 e-con-full e-flex e-con e-parent\" data-id=\"197771d7\" data-element_type=\"container\" data-e-type=\"container\">\n\t\t<div class=\"elementor-element elementor-element-18f3b1e7 e-con-full e-flex e-con e-child\" data-id=\"18f3b1e7\" data-element_type=\"container\" data-e-type=\"container\">\n\t\t\t\t<div class=\"elementor-element elementor-element-abdc5bf elementor-invisible elementor-widget elementor-widget-heading\" data-id=\"abdc5bf\" data-element_type=\"widget\" data-e-type=\"widget\" data-settings=\"{&quot;_animation&quot;:&quot;slideInUp&quot;}\" data-widget_type=\"heading.default\">\n\t\t\t\t<div class=\"elementor-widget-container\">\n\t\t\t\t\t<h2 class=\"elementor-heading-title elementor-size-default\">Notre histoire<\/h2>\t\t\t\t<\/div>\n\t\t\t\t<\/div>\n\t\t\t\t<div class=\"elementor-element elementor-element-a3d175d elementor-widget elementor-widget-text-editor\" data-id=\"a3d175d\" data-element_type=\"widget\" data-e-type=\"widget\" data-widget_type=\"text-editor.default\">\n\t\t\t\t<div class=\"elementor-widget-container\">\n\t\t\t\t\t\t\t\t\tNotre parcours chez GamingChairs.eu a commenc\u00e9 dans les ann\u00e9es 80 avec une passion pour l&rsquo;informatique (et les jeux). Une console Tandy pour commencer, suivie d&rsquo;un Commodore 64, du premier Windows pour groupes de travail et d&rsquo;un r\u00e9seau Novell, avec un c\u00e2blage coaxial pour jouer aux premiers Doom et Quake sur le r\u00e9seau avec des amis et des coll\u00e8gues. Apr\u00e8s avoir travaill\u00e9 quelques ann\u00e9es dans des entreprises informatiques, Kurt a cr\u00e9\u00e9 son propre magasin d&rsquo;informatique. Au d\u00e9but des ann\u00e9es 2000, il a anim\u00e9 l&rsquo;\u00e9mission de radio \u00ab\u00a0DrWeB\u00a0\u00bb sur TOPradio, une radio locale en Belgique, o\u00f9 il a partag\u00e9 sa passion pour les jeux, la technologie et le style de vie des joueurs avec un public d\u00e9vou\u00e9. Le succ\u00e8s de l&rsquo;\u00e9mission l&rsquo;a naturellement conduit \u00e0 passer \u00e0 l&rsquo;\u00e9tape suivante de son implication dans le monde du jeu. \n\n  \t\t\t\t\t\t\t\t<\/div>\n\t\t\t\t<\/div>\n\t\t\t\t<div class=\"elementor-element elementor-element-65916b6 elementor-invisible elementor-widget elementor-widget-heading\" data-id=\"65916b6\" data-element_type=\"widget\" data-e-type=\"widget\" data-settings=\"{&quot;_animation&quot;:&quot;slideInUp&quot;}\" data-widget_type=\"heading.default\">\n\t\t\t\t<div class=\"elementor-widget-container\">\n\t\t\t\t\t<h2 class=\"elementor-heading-title elementor-size-default\">DRWeB lan parties<\/h2>\t\t\t\t<\/div>\n\t\t\t\t<\/div>\n\t\t\t\t<div class=\"elementor-element elementor-element-911557a elementor-widget elementor-widget-text-editor\" data-id=\"911557a\" data-element_type=\"widget\" data-e-type=\"widget\" data-widget_type=\"text-editor.default\">\n\t\t\t\t<div class=\"elementor-widget-container\">\n\t\t\t\t\t\t\t\t\t<p>C&rsquo;est tout naturellement qu&rsquo;il est pass\u00e9 de la radiodiffusion \u00e0 l&rsquo;organisation d&rsquo;\u00e9v\u00e9nements li\u00e9s aux jeux, en lan\u00e7ant les soir\u00e9es LAN de DrWeB. Ces \u00e9v\u00e9nements sont rapidement devenus un rendez-vous appr\u00e9ci\u00e9 des joueurs, leur offrant un espace o\u00f9 ils pouvaient s&rsquo;affronter, collaborer et se connecter en personne. C&rsquo;est au cours de ces ann\u00e9es que des amis ont rejoint l&rsquo;\u00e9quipe. Les soir\u00e9es LAN de DrWeB se sont d\u00e9roul\u00e9es avec succ\u00e8s jusqu&rsquo;en 2007, favorisant une communaut\u00e9 dynamique et laissant un impact durable sur les participants.   <\/p>\n\t\t\t\t\t\t\t\t<\/div>\n\t\t\t\t<\/div>\n\t\t\t\t<div class=\"elementor-element elementor-element-a74ae45 elementor-invisible elementor-widget elementor-widget-heading\" data-id=\"a74ae45\" data-element_type=\"widget\" data-e-type=\"widget\" data-settings=\"{&quot;_animation&quot;:&quot;slideInUp&quot;}\" data-widget_type=\"heading.default\">\n\t\t\t\t<div class=\"elementor-widget-container\">\n\t\t\t\t\t<h2 class=\"elementor-heading-title elementor-size-default\">CU-LAN<\/h2>\t\t\t\t<\/div>\n\t\t\t\t<\/div>\n\t\t\t\t<div class=\"elementor-element elementor-element-235bce1 elementor-widget elementor-widget-text-editor\" data-id=\"235bce1\" data-element_type=\"widget\" data-e-type=\"widget\" data-widget_type=\"text-editor.default\">\n\t\t\t\t<div class=\"elementor-widget-container\">\n\t\t\t\t\t\t\t\t\t<p>En 2013, l&rsquo;\u00e9quipe d&rsquo;origine a fait son retour sur la sc\u00e8ne des LAN parties en lan\u00e7ant <a href=\"https:\/\/www.cu-lan.be\" target=\"_blank\" rel=\"noopener\">CU-LAN<\/a>, une s\u00e9rie d&rsquo;\u00e9v\u00e9nements qui continue de prosp\u00e9rer aujourd&rsquo;hui. CU-LAN est plus qu&rsquo;un simple \u00e9v\u00e9nement de jeu &#8211; c&rsquo;est un rassemblement o\u00f9 des amis de diff\u00e9rents pays se retrouvent, o\u00f9 de nouveaux liens se cr\u00e9ent et o\u00f9 l&rsquo;atmosph\u00e8re est remplie de plaisir et d&rsquo;excitation. CU-LAN veut \u00eatre un \u00e9v\u00e9nement pour le fungaming, et ne se concentre pas du tout sur l&rsquo;esport. Ainsi, que vous jouiez derri\u00e8re votre ordinateur, que vous socialisiez au bar ou que vous participiez \u00e0 nos c\u00e9l\u00e8bres comp\u00e9titions ludiques CU-LAN, l&rsquo;objectif est toujours de cr\u00e9er des exp\u00e9riences m\u00e9morables et de profiter de la camaraderie qui accompagne l&rsquo;appartenance \u00e0 la communaut\u00e9 des joueurs. L&rsquo;\u00e9quipe a \u00e9galement particip\u00e9 ou s&rsquo;est rendue \u00e0 d&rsquo;autres \u00e9v\u00e9nements de jeux et lanparties en Belgique, en Allemagne, aux Pays-Bas et en France.    <\/p>\n\t\t\t\t\t\t\t\t<\/div>\n\t\t\t\t<\/div>\n\t\t\t\t<div class=\"elementor-element elementor-element-1b6b838 elementor-invisible elementor-widget elementor-widget-heading\" data-id=\"1b6b838\" data-element_type=\"widget\" data-e-type=\"widget\" data-settings=\"{&quot;_animation&quot;:&quot;slideInUp&quot;}\" data-widget_type=\"heading.default\">\n\t\t\t\t<div class=\"elementor-widget-container\">\n\t\t\t\t\t<h2 class=\"elementor-heading-title elementor-size-default\">Lan-party.eu<\/h2>\t\t\t\t<\/div>\n\t\t\t\t<\/div>\n\t\t\t\t<div class=\"elementor-element elementor-element-5f60a2a elementor-widget elementor-widget-text-editor\" data-id=\"5f60a2a\" data-element_type=\"widget\" data-e-type=\"widget\" data-widget_type=\"text-editor.default\">\n\t\t\t\t<div class=\"elementor-widget-container\">\n\t\t\t\t\t\t\t\t\tConscients de la demande croissante d&rsquo;une plaque tournante centrale pour les LAN parties et les \u00e9v\u00e9nements esports \u00e0 travers l&rsquo;Europe, nous avons lanc\u00e9 <a href=\"https:\/\/www.lan-party.eu\" target=\"_blank\" rel=\"noopener\">www.lan-party.eu<\/a> en 2015. Ce site s&rsquo;est rapidement impos\u00e9 comme la ressource de r\u00e9f\u00e9rence pour les joueurs \u00e0 la recherche d&rsquo;informations sur les \u00e9v\u00e9nements \u00e0 venir, ce qui en fait un \u00e9l\u00e9ment essentiel de l&rsquo;\u00e9cosyst\u00e8me du jeu en Europe. Notre histoire est ancr\u00e9e dans un v\u00e9ritable amour du jeu, et cette passion continue de nous animer alors que nous d\u00e9veloppons nos services, notamment avec le lancement de GamingChairs.eu, pour soutenir les communaut\u00e9s de joueurs et de professionnels. \n\n\t\t\t\t\t\t\t\t<\/div>\n\t\t\t\t<\/div>\n\t\t\t\t<div class=\"elementor-element elementor-element-2308c4c2 animated-slow elementor-invisible elementor-widget elementor-widget-spacer\" data-id=\"2308c4c2\" data-element_type=\"widget\" data-e-type=\"widget\" data-settings=\"{&quot;_animation&quot;:&quot;fadeInLeft&quot;}\" data-widget_type=\"spacer.default\">\n\t\t\t\t<div class=\"elementor-widget-container\">\n\t\t\t\t\t\t\t<div class=\"elementor-spacer\">\n\t\t\t<div class=\"elementor-spacer-inner\"><\/div>\n\t\t<\/div>\n\t\t\t\t\t\t<\/div>\n\t\t\t\t<\/div>\n\t\t\t\t<\/div>\n\t\t<div class=\"elementor-element elementor-element-706a157c e-con-full e-flex e-con e-child\" data-id=\"706a157c\" data-element_type=\"container\" data-e-type=\"container\" data-settings=\"{&quot;background_background&quot;:&quot;classic&quot;,&quot;background_motion_fx_motion_fx_scrolling&quot;:&quot;yes&quot;,&quot;background_motion_fx_scale_effect&quot;:&quot;yes&quot;,&quot;background_motion_fx_scale_range&quot;:{&quot;unit&quot;:&quot;%&quot;,&quot;size&quot;:&quot;&quot;,&quot;sizes&quot;:{&quot;start&quot;:35,&quot;end&quot;:100}},&quot;background_motion_fx_scale_direction&quot;:&quot;out-in&quot;,&quot;background_motion_fx_scale_speed&quot;:{&quot;unit&quot;:&quot;px&quot;,&quot;size&quot;:4,&quot;sizes&quot;:[]},&quot;background_motion_fx_devices&quot;:[&quot;desktop&quot;,&quot;tablet&quot;,&quot;mobile&quot;]}\">\n\t\t\t\t<\/div>\n\t\t\t\t<\/div>\n\t\t<div class=\"elementor-element elementor-element-6c87940d e-con-full e-flex e-con e-parent\" data-id=\"6c87940d\" data-element_type=\"container\" data-e-type=\"container\">\n\t\t<div class=\"elementor-element elementor-element-62f9692 e-con-full e-flex e-con e-child\" data-id=\"62f9692\" data-element_type=\"container\" data-e-type=\"container\">\n\t\t\t\t<div class=\"elementor-element elementor-element-2d63ca99 elementor-invisible elementor-widget elementor-widget-image\" data-id=\"2d63ca99\" data-element_type=\"widget\" data-e-type=\"widget\" data-settings=\"{&quot;motion_fx_motion_fx_scrolling&quot;:&quot;yes&quot;,&quot;motion_fx_translateY_effect&quot;:&quot;yes&quot;,&quot;motion_fx_translateY_direction&quot;:&quot;negative&quot;,&quot;motion_fx_translateY_affectedRange&quot;:{&quot;unit&quot;:&quot;%&quot;,&quot;size&quot;:&quot;&quot;,&quot;sizes&quot;:{&quot;start&quot;:50,&quot;end&quot;:100}},&quot;motion_fx_devices&quot;:[&quot;desktop&quot;,&quot;tablet&quot;],&quot;_animation&quot;:&quot;fadeInUp&quot;,&quot;motion_fx_translateY_speed&quot;:{&quot;unit&quot;:&quot;px&quot;,&quot;size&quot;:4,&quot;sizes&quot;:[]}}\" data-widget_type=\"image.default\">\n\t\t\t\t<div class=\"elementor-widget-container\">\n\t\t\t\t\t\t\t\t\t\t\t\t\t\t\t<img fetchpriority=\"high\" decoding=\"async\" width=\"700\" height=\"700\" src=\"https:\/\/www.gamingchairs.eu\/wp-content\/uploads\/2024\/08\/EC3-Infographic-700X700-07-BC.webp\" class=\"attachment-full size-full wp-image-2196\" alt=\"\" srcset=\"https:\/\/www.gamingchairs.eu\/wp-content\/uploads\/2024\/08\/EC3-Infographic-700X700-07-BC.webp 700w, https:\/\/www.gamingchairs.eu\/wp-content\/uploads\/2024\/08\/EC3-Infographic-700X700-07-BC-500x500.webp 500w, https:\/\/www.gamingchairs.eu\/wp-content\/uploads\/2024\/08\/EC3-Infographic-700X700-07-BC-100x100.webp 100w\" sizes=\"(max-width: 700px) 100vw, 700px\">\t\t\t\t\t\t\t\t\t\t\t\t\t\t\t<\/div>\n\t\t\t\t<\/div>\n\t\t\t\t<\/div>\n\t\t<div class=\"elementor-element elementor-element-cc7c57a e-con-full e-flex e-con e-child\" data-id=\"cc7c57a\" data-element_type=\"container\" data-e-type=\"container\" data-settings=\"{&quot;background_background&quot;:&quot;classic&quot;}\">\n\t\t\t\t<div class=\"elementor-element elementor-element-3dc91419 animated-slow elementor-invisible elementor-widget elementor-widget-image\" data-id=\"3dc91419\" data-element_type=\"widget\" data-e-type=\"widget\" data-settings=\"{&quot;motion_fx_motion_fx_scrolling&quot;:&quot;yes&quot;,&quot;motion_fx_devices&quot;:[&quot;desktop&quot;,&quot;tablet&quot;],&quot;motion_fx_motion_fx_mouse&quot;:&quot;yes&quot;,&quot;motion_fx_mouseTrack_effect&quot;:&quot;yes&quot;,&quot;motion_fx_mouseTrack_speed&quot;:{&quot;unit&quot;:&quot;px&quot;,&quot;size&quot;:0.1,&quot;sizes&quot;:[]},&quot;_animation&quot;:&quot;fadeInLeft&quot;}\" data-widget_type=\"image.default\">\n\t\t\t\t<div class=\"elementor-widget-container\">\n\t\t\t\t\t\t\t\t\t\t\t\t\t\t\t<img decoding=\"async\" width=\"700\" height=\"700\" src=\"https:\/\/www.gamingchairs.eu\/wp-content\/uploads\/2024\/08\/EC3-Infographic-700X700-06-BC.webp\" class=\"attachment-full size-full wp-image-2193\" alt=\"\" srcset=\"https:\/\/www.gamingchairs.eu\/wp-content\/uploads\/2024\/08\/EC3-Infographic-700X700-06-BC.webp 700w, https:\/\/www.gamingchairs.eu\/wp-content\/uploads\/2024\/08\/EC3-Infographic-700X700-06-BC-500x500.webp 500w, https:\/\/www.gamingchairs.eu\/wp-content\/uploads\/2024\/08\/EC3-Infographic-700X700-06-BC-100x100.webp 100w\" sizes=\"(max-width: 700px) 100vw, 700px\">\t\t\t\t\t\t\t\t\t\t\t\t\t\t\t<\/div>\n\t\t\t\t<\/div>\n\t\t\t\t<div class=\"elementor-element elementor-element-9f24adc elementor-invisible elementor-widget elementor-widget-heading\" data-id=\"9f24adc\" data-element_type=\"widget\" data-e-type=\"widget\" data-settings=\"{&quot;_animation&quot;:&quot;slideInUp&quot;}\" data-widget_type=\"heading.default\">\n\t\t\t\t<div class=\"elementor-widget-container\">\n\t\t\t\t\t<h2 class=\"elementor-heading-title elementor-size-default\">L'avenir<\/h2>\t\t\t\t<\/div>\n\t\t\t\t<\/div>\n\t\t\t\t<div class=\"elementor-element elementor-element-21ef804a elementor-invisible elementor-widget elementor-widget-text-editor\" data-id=\"21ef804a\" data-element_type=\"widget\" data-e-type=\"widget\" data-settings=\"{&quot;_animation&quot;:&quot;slideInDown&quot;}\" data-widget_type=\"text-editor.default\">\n\t\t\t\t<div class=\"elementor-widget-container\">\n\t\t\t\t\t\t\t\t\t<p>Nous nous effor\u00e7ons de fournir autant de services que possible pour que la communaut\u00e9 des joueurs reste dynamique et vivante !<\/p>\n<p>Nous explorons beaucoup d&rsquo;id\u00e9es et de projets. Toutes les id\u00e9es et propositions \u00e9manant de la communaut\u00e9 des joueurs sont prises en compte ! N&rsquo;h\u00e9site pas \u00e0 <a href=\"https:\/\/www.gamingchairs.eu\/contact\/\">nous contacter<\/a>.  <\/p>\n\t\t\t\t\t\t\t\t<\/div>\n\t\t\t\t<\/div>\n\t\t\t\t<div class=\"elementor-element elementor-element-7a855f9d animated-slow elementor-invisible elementor-widget elementor-widget-image\" data-id=\"7a855f9d\" data-element_type=\"widget\" data-e-type=\"widget\" data-settings=\"{&quot;motion_fx_motion_fx_scrolling&quot;:&quot;yes&quot;,&quot;motion_fx_devices&quot;:[&quot;desktop&quot;,&quot;tablet&quot;],&quot;motion_fx_motion_fx_mouse&quot;:&quot;yes&quot;,&quot;motion_fx_mouseTrack_effect&quot;:&quot;yes&quot;,&quot;motion_fx_mouseTrack_direction&quot;:&quot;negative&quot;,&quot;motion_fx_mouseTrack_speed&quot;:{&quot;unit&quot;:&quot;px&quot;,&quot;size&quot;:0.1,&quot;sizes&quot;:[]},&quot;_animation&quot;:&quot;fadeInRight&quot;}\" data-widget_type=\"image.default\">\n\t\t\t\t<div class=\"elementor-widget-container\">\n\t\t\t\t\t\t\t\t\t\t\t\t\t\t\t<img decoding=\"async\" width=\"700\" height=\"700\" src=\"https:\/\/www.gamingchairs.eu\/wp-content\/uploads\/2024\/08\/EC3-Infographic-700X700-04-BC.webp\" class=\"attachment-full size-full wp-image-2187\" alt=\"\" srcset=\"https:\/\/www.gamingchairs.eu\/wp-content\/uploads\/2024\/08\/EC3-Infographic-700X700-04-BC.webp 700w, https:\/\/www.gamingchairs.eu\/wp-content\/uploads\/2024\/08\/EC3-Infographic-700X700-04-BC-500x500.webp 500w, https:\/\/www.gamingchairs.eu\/wp-content\/uploads\/2024\/08\/EC3-Infographic-700X700-04-BC-100x100.webp 100w\" sizes=\"(max-width: 700px) 100vw, 700px\">\t\t\t\t\t\t\t\t\t\t\t\t\t\t\t<\/div>\n\t\t\t\t<\/div>\n\t\t\t\t<\/div>\n\t\t<div class=\"elementor-element elementor-element-1df1dd33 e-con-full e-flex e-con e-child\" data-id=\"1df1dd33\" data-element_type=\"container\" data-e-type=\"container\">\n\t\t\t\t<div class=\"elementor-element elementor-element-47cabb29 elementor-invisible elementor-widget elementor-widget-image\" data-id=\"47cabb29\" data-element_type=\"widget\" data-e-type=\"widget\" data-settings=\"{&quot;motion_fx_motion_fx_scrolling&quot;:&quot;yes&quot;,&quot;motion_fx_translateY_effect&quot;:&quot;yes&quot;,&quot;_animation&quot;:&quot;fadeInDown&quot;,&quot;motion_fx_translateY_speed&quot;:{&quot;unit&quot;:&quot;px&quot;,&quot;size&quot;:4,&quot;sizes&quot;:[]},&quot;motion_fx_translateY_affectedRange&quot;:{&quot;unit&quot;:&quot;%&quot;,&quot;size&quot;:&quot;&quot;,&quot;sizes&quot;:{&quot;start&quot;:0,&quot;end&quot;:100}},&quot;motion_fx_devices&quot;:[&quot;desktop&quot;,&quot;tablet&quot;,&quot;mobile&quot;]}\" data-widget_type=\"image.default\">\n\t\t\t\t<div class=\"elementor-widget-container\">\n\t\t\t\t\t\t\t\t\t\t\t\t\t\t\t<img loading=\"lazy\" decoding=\"async\" width=\"700\" height=\"700\" src=\"https:\/\/www.gamingchairs.eu\/wp-content\/uploads\/2024\/08\/EC3-Infographic-700X700-03.webp\" class=\"attachment-full size-full wp-image-2184\" alt=\"\" srcset=\"https:\/\/www.gamingchairs.eu\/wp-content\/uploads\/2024\/08\/EC3-Infographic-700X700-03.webp 700w, https:\/\/www.gamingchairs.eu\/wp-content\/uploads\/2024\/08\/EC3-Infographic-700X700-03-500x500.webp 500w, https:\/\/www.gamingchairs.eu\/wp-content\/uploads\/2024\/08\/EC3-Infographic-700X700-03-100x100.webp 100w\" sizes=\"(max-width: 700px) 100vw, 700px\">\t\t\t\t\t\t\t\t\t\t\t\t\t\t\t<\/div>\n\t\t\t\t<\/div>\n\t\t\t\t<\/div>\n\t\t\t\t<\/div>\n\t\t\t\t<\/div>\n\t\t","protected":false},"excerpt":{"rendered":"<p>Notre histoire Notre parcours chez GamingChairs.eu a commenc\u00e9 dans les ann\u00e9es 80 avec une passion pour l&rsquo;informatique (et les jeux). Une console Tandy pour commencer, suivie d&rsquo;un Commodore 64, du premier Windows pour groupes de travail et d&rsquo;un r\u00e9seau Novell, avec un c\u00e2blage coaxial pour jouer aux premiers Doom et Quake sur le r\u00e9seau avec [&hellip;]<\/p>\n","protected":false},"author":1,"featured_media":0,"parent":0,"menu_order":0,"comment_status":"closed","ping_status":"closed","template":"elementor_header_footer","meta":{"footnotes":""},"class_list":["post-3594","page","type-page","status-publish","hentry"],"_links":{"self":[{"href":"https:\/\/www.gamingchairs.eu\/fr\/wp-json\/wp\/v2\/pages\/3594","targetHints":{"allow":["GET"]}}],"collection":[{"href":"https:\/\/www.gamingchairs.eu\/fr\/wp-json\/wp\/v2\/pages"}],"about":[{"href":"https:\/\/www.gamingchairs.eu\/fr\/wp-json\/wp\/v2\/types\/page"}],"author":[{"embeddable":true,"href":"https:\/\/www.gamingchairs.eu\/fr\/wp-json\/wp\/v2\/users\/1"}],"replies":[{"embeddable":true,"href":"https:\/\/www.gamingchairs.eu\/fr\/wp-json\/wp\/v2\/comments?post=3594"}],"version-history":[{"count":1,"href":"https:\/\/www.gamingchairs.eu\/fr\/wp-json\/wp\/v2\/pages\/3594\/revisions"}],"predecessor-version":[{"id":3595,"href":"https:\/\/www.gamingchairs.eu\/fr\/wp-json\/wp\/v2\/pages\/3594\/revisions\/3595"}],"wp:attachment":[{"href":"https:\/\/www.gamingchairs.eu\/fr\/wp-json\/wp\/v2\/media?parent=3594"}],"curies":[{"name":"wp","href":"https:\/\/api.w.org\/{rel}","templated":true}]}}