{"id":3834,"date":"2023-11-24T16:40:39","date_gmt":"2023-11-24T15:40:39","guid":{"rendered":"https:\/\/www.gamingchairs.eu\/faq\/"},"modified":"2025-01-01T19:17:02","modified_gmt":"2025-01-01T18:17:02","slug":"faq","status":"publish","type":"page","link":"https:\/\/www.gamingchairs.eu\/fr\/faq\/","title":{"rendered":"FAQ"},"content":{"rendered":"\t\t<div data-elementor-type=\"wp-page\" data-elementor-id=\"3834\" class=\"elementor elementor-3834 elementor-26\" data-elementor-post-type=\"page\">\n\t\t\t\t<div class=\"elementor-element elementor-element-d7e0954 e-flex e-con-boxed e-con e-parent\" data-id=\"d7e0954\" data-element_type=\"container\" data-e-type=\"container\">\n\t\t\t\t\t<div class=\"e-con-inner\">\n\t\t\t\t\t<\/div>\n\t\t\t\t<\/div>\n\t\t\t\t<\/div>\n\t\t","protected":false},"excerpt":{"rendered":"<p>Exp\u00e9dition et livraison Co\u00fbts : Les frais de port s&#8217;\u00e9l\u00e8vent g\u00e9n\u00e9ralement \u00e0 10 \u20ac pour les commandes inf\u00e9rieures \u00e0 500 EUR. Les commandes de 500 EUR ou plus b\u00e9n\u00e9ficient de la livraison gratuite. Les frais d&#8217;exp\u00e9dition finaux d\u00e9pendent de ton emplacement et seront calcul\u00e9s lors de la commande. Pays : Nous exp\u00e9dions \u00e0 des adresses [&hellip;]<\/p>\n","protected":false},"author":1,"featured_media":0,"parent":0,"menu_order":0,"comment_status":"closed","ping_status":"closed","template":"","meta":{"footnotes":""},"class_list":["post-3834","page","type-page","status-publish","hentry"],"_links":{"self":[{"href":"https:\/\/www.gamingchairs.eu\/fr\/wp-json\/wp\/v2\/pages\/3834","targetHints":{"allow":["GET"]}}],"collection":[{"href":"https:\/\/www.gamingchairs.eu\/fr\/wp-json\/wp\/v2\/pages"}],"about":[{"href":"https:\/\/www.gamingchairs.eu\/fr\/wp-json\/wp\/v2\/types\/page"}],"author":[{"embeddable":true,"href":"https:\/\/www.gamingchairs.eu\/fr\/wp-json\/wp\/v2\/users\/1"}],"replies":[{"embeddable":true,"href":"https:\/\/www.gamingchairs.eu\/fr\/wp-json\/wp\/v2\/comments?post=3834"}],"version-history":[{"count":2,"href":"https:\/\/www.gamingchairs.eu\/fr\/wp-json\/wp\/v2\/pages\/3834\/revisions"}],"predecessor-version":[{"id":3852,"href":"https:\/\/www.gamingchairs.eu\/fr\/wp-json\/wp\/v2\/pages\/3834\/revisions\/3852"}],"wp:attachment":[{"href":"https:\/\/www.gamingchairs.eu\/fr\/wp-json\/wp\/v2\/media?parent=3834"}],"curies":[{"name":"wp","href":"https:\/\/api.w.org\/{rel}","templated":true}]}}