{"id":3639,"date":"2024-10-30T22:57:55","date_gmt":"2024-10-30T21:57:55","guid":{"rendered":"https:\/\/www.gamingchairs.eu\/product\/achilles-p1-l-rgb-noir\/"},"modified":"2026-01-11T01:23:36","modified_gmt":"2026-01-11T00:23:36","slug":"achilles-p1-l-rgb-noir","status":"publish","type":"product","link":"https:\/\/www.gamingchairs.eu\/fr\/boutique\/produits\/fauteuils-gaming\/achilles-p1-l-rgb-noir\/","title":{"rendered":"Achilles P1-L RGB &#8211; Noir"},"content":{"rendered":"<h2><strong>PREMI\u00c8RE CHAISE DE JEU RGB AU MONDE<\/strong><\/h2>\n<ul>\n<li>\u00c9clairage en continu RVB personnalisable<\/li>\n<li>Accoudoirs r\u00e9glables 4D<\/li>\n<li>Dossier r\u00e9glable<\/li>\n<li>Repose-pieds r\u00e9glable<\/li>\n<li>Base en alliage d&rsquo;aluminium durable 5 \u00e9toiles<\/li>\n<\/ul>\n<p>&nbsp;<\/p>\n<p>Achilles P1 L est un fauteuil de jeu ergonomique, qui offre le plus haut niveau de confort et des caract\u00e9ristiques innovantes. Ce mod\u00e8le est exclusivement \u00e9quip\u00e9 d&rsquo;un accoudoir r\u00e9glable en 4D, d&rsquo;un repose-pieds et d&rsquo;une base en acier. Le dossier r\u00e9glable permet d&rsquo;ajuster sans effort l&rsquo;angle du dos jusqu&rsquo;\u00e0 150 degr\u00e9s pour une position assise optimale lors d&rsquo;une utilisation g\u00e9n\u00e9rale ou pour le jeu. La chaise est livr\u00e9e avec des coussins suppl\u00e9mentaires pour le soutien de la t\u00eate et des lombaires. Les r\u00e9tro\u00e9clairages RVB peuvent \u00eatre connect\u00e9s \u00e0 un PC pour personnaliser jusqu&rsquo;\u00e0 10 effets de lumi\u00e8re avec le logiciel HERA et peuvent \u00eatre branch\u00e9s \u00e0 une banque d&rsquo;alimentation pour des sessions de jeu color\u00e9es selon ta convenance. L&rsquo;accoudoir r\u00e9glable est accompagn\u00e9 d&rsquo;un repose-pieds et d&rsquo;une base en acier durable 5 \u00e9toiles qui peut supporter un poids allant jusqu&rsquo;\u00e0 150 kg et qui est \u00e9quip\u00e9e d&rsquo;un syst\u00e8me de levage \u00e0 gaz de classe 4 et d&rsquo;un verrouillage de l&rsquo;inclinaison. <\/p>\n<h3><strong>\u00c9clairage RVB personnalisable<\/strong><\/h3>\n<p>Les r\u00e9tro\u00e9clairages RVB peuvent \u00eatre personnalis\u00e9s dans HERA en branchant le c\u00e2ble USB sur le port USB de ton ordinateur. Apr\u00e8s avoir r\u00e9gl\u00e9 l&rsquo;effet d&rsquo;\u00e9clairage que tu souhaitais, tu peux d\u00e9brancher et rebrancher le c\u00e2ble USB avec une banque d&rsquo;alimentation*. <\/p>\n<h3><strong>Repose-pieds r\u00e9glable et accoudoir 4D<\/strong><\/h3>\n<p>Les accoudoirs r\u00e9glables 4D avec texture 3D te permettent de soutenir tes bras \u00e0 la bonne hauteur et au bon angle et ajoutent un confort suppl\u00e9mentaire. Repose-pieds suppl\u00e9mentaire pour un confort accru et une exp\u00e9rience relaxante. <\/p>\n<h3><strong>Dossier r\u00e9glable<\/strong><\/h3>\n<p>Permet de r\u00e9gler sans effort l&rsquo;angle du dossier jusqu&rsquo;\u00e0 150 degr\u00e9s pour une position assise optimale lors d&rsquo;une utilisation g\u00e9n\u00e9rale ou pour les jeux. La charge maximale de la chaise est de 150 kg, ce qui te permet de te d\u00e9tendre en toute tranquillit\u00e9. <\/p>\n<p><em>*Banque d&rsquo;alimentation non incluse<\/em><\/p>\n","protected":false},"excerpt":{"rendered":"<p>Achilles P1 L est un fauteuil de jeu ARGB haut de gamme dot\u00e9 d&rsquo;un \u00e9clairage ARGB enti\u00e8rement personnalisable, d&rsquo;un rembourrage en mousse souple tr\u00e8s r\u00e9sistante, d&rsquo;accoudoirs r\u00e9glables en 4D et d&rsquo;une base en aluminium 5 \u00e9toiles incroyablement solide pour t&rsquo;aider \u00e0 rester au top de ta forme dans toutes les situations.<\/p>\n","protected":false},"featured_media":2916,"comment_status":"open","ping_status":"closed","template":"","meta":[],"product_brand":[],"product_cat":[144,142],"product_tag":[270],"class_list":{"0":"post-3639","1":"product","2":"type-product","3":"status-publish","4":"has-post-thumbnail","6":"product_cat-fauteuils-gaming","7":"product_cat-produits","8":"product_tag-rgb-fr","10":"first","11":"instock","12":"taxable","13":"shipping-taxable","14":"purchasable","15":"product-type-simple"},"_links":{"self":[{"href":"https:\/\/www.gamingchairs.eu\/fr\/wp-json\/wp\/v2\/product\/3639","targetHints":{"allow":["GET"]}}],"collection":[{"href":"https:\/\/www.gamingchairs.eu\/fr\/wp-json\/wp\/v2\/product"}],"about":[{"href":"https:\/\/www.gamingchairs.eu\/fr\/wp-json\/wp\/v2\/types\/product"}],"replies":[{"embeddable":true,"href":"https:\/\/www.gamingchairs.eu\/fr\/wp-json\/wp\/v2\/comments?post=3639"}],"version-history":[{"count":0,"href":"https:\/\/www.gamingchairs.eu\/fr\/wp-json\/wp\/v2\/product\/3639\/revisions"}],"wp:featuredmedia":[{"embeddable":true,"href":"https:\/\/www.gamingchairs.eu\/fr\/wp-json\/wp\/v2\/media\/2916"}],"wp:attachment":[{"href":"https:\/\/www.gamingchairs.eu\/fr\/wp-json\/wp\/v2\/media?parent=3639"}],"wp:term":[{"taxonomy":"product_brand","embeddable":true,"href":"https:\/\/www.gamingchairs.eu\/fr\/wp-json\/wp\/v2\/product_brand?post=3639"},{"taxonomy":"product_cat","embeddable":true,"href":"https:\/\/www.gamingchairs.eu\/fr\/wp-json\/wp\/v2\/product_cat?post=3639"},{"taxonomy":"product_tag","embeddable":true,"href":"https:\/\/www.gamingchairs.eu\/fr\/wp-json\/wp\/v2\/product_tag?post=3639"}],"curies":[{"name":"wp","href":"https:\/\/api.w.org\/{rel}","templated":true}]}}