{"id":3641,"date":"2024-11-16T21:08:28","date_gmt":"2024-11-16T20:08:28","guid":{"rendered":"https:\/\/www.gamingchairs.eu\/product\/tc5-max-noir-et-bleu\/"},"modified":"2026-01-11T01:23:35","modified_gmt":"2026-01-11T00:23:35","slug":"tc5-max-noir-et-bleu","status":"publish","type":"product","link":"https:\/\/www.gamingchairs.eu\/fr\/boutique\/produits\/fauteuils-gaming\/tc5-max-noir-et-bleu\/","title":{"rendered":"TC5 Max &#8211; Noir et bleu"},"content":{"rendered":"<p>D\u00e9couvre la chaise de jeu ThunderX3 TC5 Max Black &amp; Blue ! Dot\u00e9 d&rsquo;un design de taille XXL avec une hauteur de dossier de 90 cm et une profondeur et une largeur accrues, le TC5 MAX accueille plus d&rsquo;espace tout en permettant un confort maximal, en particulier pour les personnes plus grandes et plus corpulentes. Avec 12 options de couleurs \u00e9l\u00e9gantes et vibrantes parmi lesquelles tu peux choisir, tu peux t&rsquo;exprimer et adopter un look unique. La combinaison d&rsquo;un design unique et de mat\u00e9riaux de haute qualit\u00e9, notamment l&rsquo;AIR Tech, le similicuir de premi\u00e8re qualit\u00e9 avec des motifs en fibre de carbone, la mousse de latex et la mousse haute densit\u00e9, offre un maximum de confort et de durabilit\u00e9 tout en conf\u00e9rant \u00e0 ton installation de jeu un aspect et une sensation \u00e0 la fois \u00e9l\u00e9gants et futuristes.<\/p>\n<ul>\n<li>Disponible en 12 couleurs<\/li>\n<li>Conception interne avec logo ThunderX3 grav\u00e9 sur les caches lat\u00e9raux, les accoudoirs et les roulettes.<\/li>\n<li>Mousse de latex dans le si\u00e8ge et les coussins de t\u00eate et de dos pour plus de confort et de soutien.<\/li>\n<li>AIR Tech pour une respirabilit\u00e9 maximale<\/li>\n<li>Similicuir de premi\u00e8re qualit\u00e9 avec motif en fibre de carbone<\/li>\n<li>Mousse haute densit\u00e9 pour un confort tout au long de la journ\u00e9e<\/li>\n<li>Accoudoirs r\u00e9glables en trois directions<\/li>\n<li>Coussins de t\u00eate et de dos r\u00e9glables<\/li>\n<li>L&rsquo;\u00e9l\u00e9vateur hydraulique \u00e0 gaz de classe 4 supporte jusqu&rsquo;\u00e0 150 kg<\/li>\n<li>Dossier inclinable r\u00e9glable<\/li>\n<\/ul>\n","protected":false},"excerpt":{"rendered":"<p>La chaise de jeu ThunderX3 TC5 Max Black &amp; Blue est un choix parfait pour ceux qui recherchent un maximum de confort et de style lors de leurs sessions de jeu. Avec un design de taille XXL, ce fauteuil est sp\u00e9cialement con\u00e7u pour accueillir les personnes plus grandes et plus corpulentes, offrant une hauteur de dossier de 25 cm, ainsi qu&rsquo;une profondeur et une largeur plus importantes. <\/p>\n","protected":false},"featured_media":3162,"comment_status":"open","ping_status":"closed","template":"","meta":[],"product_brand":[],"product_cat":[144,142],"product_tag":[277,283],"class_list":{"0":"post-3641","1":"product","2":"type-product","3":"status-publish","4":"has-post-thumbnail","6":"product_cat-fauteuils-gaming","7":"product_cat-produits","8":"product_tag-tc5-max-fr","9":"product_tag-xxl-fr","11":"first","12":"outofstock","13":"taxable","14":"shipping-taxable","15":"purchasable","16":"product-type-simple"},"_links":{"self":[{"href":"https:\/\/www.gamingchairs.eu\/fr\/wp-json\/wp\/v2\/product\/3641","targetHints":{"allow":["GET"]}}],"collection":[{"href":"https:\/\/www.gamingchairs.eu\/fr\/wp-json\/wp\/v2\/product"}],"about":[{"href":"https:\/\/www.gamingchairs.eu\/fr\/wp-json\/wp\/v2\/types\/product"}],"replies":[{"embeddable":true,"href":"https:\/\/www.gamingchairs.eu\/fr\/wp-json\/wp\/v2\/comments?post=3641"}],"version-history":[{"count":0,"href":"https:\/\/www.gamingchairs.eu\/fr\/wp-json\/wp\/v2\/product\/3641\/revisions"}],"wp:featuredmedia":[{"embeddable":true,"href":"https:\/\/www.gamingchairs.eu\/fr\/wp-json\/wp\/v2\/media\/3162"}],"wp:attachment":[{"href":"https:\/\/www.gamingchairs.eu\/fr\/wp-json\/wp\/v2\/media?parent=3641"}],"wp:term":[{"taxonomy":"product_brand","embeddable":true,"href":"https:\/\/www.gamingchairs.eu\/fr\/wp-json\/wp\/v2\/product_brand?post=3641"},{"taxonomy":"product_cat","embeddable":true,"href":"https:\/\/www.gamingchairs.eu\/fr\/wp-json\/wp\/v2\/product_cat?post=3641"},{"taxonomy":"product_tag","embeddable":true,"href":"https:\/\/www.gamingchairs.eu\/fr\/wp-json\/wp\/v2\/product_tag?post=3641"}],"curies":[{"name":"wp","href":"https:\/\/api.w.org\/{rel}","templated":true}]}}