{"id":3652,"date":"2024-08-25T18:09:26","date_gmt":"2024-08-25T16:09:26","guid":{"rendered":"https:\/\/www.gamingchairs.eu\/product\/yc3-air-noir\/"},"modified":"2026-03-31T19:03:03","modified_gmt":"2026-03-31T17:03:03","slug":"yc3-air-noir","status":"publish","type":"product","link":"https:\/\/www.gamingchairs.eu\/fr\/boutique\/produits\/fauteuils-gaming\/yc3-air-noir\/","title":{"rendered":"YC3 Air &#8211; Noir"},"content":{"rendered":"<ul>\n<li>AIR Tech pour une respirabilit\u00e9 maximale<\/li>\n<li>Similicuir de premi\u00e8re qualit\u00e9 avec motif en fibre de carbone<\/li>\n<li>Dossier inclinable r\u00e9glable<\/li>\n<li>Mousse haute densit\u00e9 pour un confort tout au long de la journ\u00e9e<\/li>\n<li>Accoudoirs r\u00e9glables dans les deux sens<\/li>\n<li>Coussins de t\u00eate et de dos r\u00e9glables<\/li>\n<li>\u00c9l\u00e9vateur \u00e0 gaz hydraulique de classe 4<\/li>\n<li>3 &#8211; 18\u00b0 M\u00e9canisme de basculement<\/li>\n<li>3 combinaisons de couleurs<\/li>\n<\/ul>\n","protected":false},"excerpt":{"rendered":"<p>Construit avec AIR Tech pour une respirabilit\u00e9 sup\u00e9rieure et un design ergonomique, ce fauteuil de jeu te permet de te sentir frais et dispos tout en t&rsquo;offrant un grand soutien l\u00e0 o\u00f9 tu en as le plus besoin. Dot\u00e9 d&rsquo;un design eSports \u00e9l\u00e9gant, le YC3 \u00e9l\u00e8vera ta configuration de jeu \u00e0 un niveau sup\u00e9rieur. Cette chaise de jeu est dot\u00e9e d&rsquo;un dossier r\u00e9glable et est livr\u00e9e avec des coussins de t\u00eate et de dos r\u00e9glables.  <\/p>\n","protected":false},"featured_media":2592,"comment_status":"open","ping_status":"closed","template":"","meta":[],"product_brand":[],"product_cat":[144,142],"product_tag":[],"class_list":{"0":"post-3652","1":"product","2":"type-product","3":"status-publish","4":"has-post-thumbnail","6":"product_cat-fauteuils-gaming","7":"product_cat-produits","9":"first","10":"outofstock","11":"taxable","12":"shipping-taxable","13":"purchasable","14":"product-type-simple"},"_links":{"self":[{"href":"https:\/\/www.gamingchairs.eu\/fr\/wp-json\/wp\/v2\/product\/3652","targetHints":{"allow":["GET"]}}],"collection":[{"href":"https:\/\/www.gamingchairs.eu\/fr\/wp-json\/wp\/v2\/product"}],"about":[{"href":"https:\/\/www.gamingchairs.eu\/fr\/wp-json\/wp\/v2\/types\/product"}],"replies":[{"embeddable":true,"href":"https:\/\/www.gamingchairs.eu\/fr\/wp-json\/wp\/v2\/comments?post=3652"}],"version-history":[{"count":0,"href":"https:\/\/www.gamingchairs.eu\/fr\/wp-json\/wp\/v2\/product\/3652\/revisions"}],"wp:featuredmedia":[{"embeddable":true,"href":"https:\/\/www.gamingchairs.eu\/fr\/wp-json\/wp\/v2\/media\/2592"}],"wp:attachment":[{"href":"https:\/\/www.gamingchairs.eu\/fr\/wp-json\/wp\/v2\/media?parent=3652"}],"wp:term":[{"taxonomy":"product_brand","embeddable":true,"href":"https:\/\/www.gamingchairs.eu\/fr\/wp-json\/wp\/v2\/product_brand?post=3652"},{"taxonomy":"product_cat","embeddable":true,"href":"https:\/\/www.gamingchairs.eu\/fr\/wp-json\/wp\/v2\/product_cat?post=3652"},{"taxonomy":"product_tag","embeddable":true,"href":"https:\/\/www.gamingchairs.eu\/fr\/wp-json\/wp\/v2\/product_tag?post=3652"}],"curies":[{"name":"wp","href":"https:\/\/api.w.org\/{rel}","templated":true}]}}