{"id":3686,"date":"2024-08-17T16:04:31","date_gmt":"2024-08-17T14:04:31","guid":{"rendered":"https:\/\/www.gamingchairs.eu\/product\/ranger-s-noir-et-orange\/"},"modified":"2026-01-11T01:23:39","modified_gmt":"2026-01-11T00:23:39","slug":"ranger-s-noir-et-orange","status":"publish","type":"product","link":"https:\/\/www.gamingchairs.eu\/fr\/boutique\/produits\/canapes-gaming\/ranger-s-noir-et-orange\/","title":{"rendered":"Ranger S &#8211; Noir et orange"},"content":{"rendered":"<p>Fabriqu\u00e9 \u00e0 partir de mat\u00e9riaux de premi\u00e8re qualit\u00e9 comme un cadre en acier et des composants de haute qualit\u00e9, ce fauteuil comprend un repose-pieds pliable et un dossier inclin\u00e9 pour t&rsquo;offrir le confort dont tu as besoin pour les longues sessions de jeu. Pr\u00e9pare-toi \u00e0 l&rsquo;arriv\u00e9e de l&rsquo;hiver et domine le champ de bataille avec la s\u00e9rie Ranger. <strong>Pochette de rangement lat\u00e9rale<\/strong><br \/>\nUne pochette lat\u00e9rale pratique te permet de garder tes objets essentiels \u00e0 port\u00e9e de main, ce qui te permet de te concentrer sur ton jeu. <strong>Cuir PVC respirant de haute qualit\u00e9<\/strong><br \/>\nLa s\u00e9rie Ranger est dot\u00e9e d&rsquo;un cuir PVC premium extra-\u00e9pais, sp\u00e9cialement s\u00e9lectionn\u00e9 pour sa texture souple et son excellente respirabilit\u00e9, laissant passer l&rsquo;air pour que tu restes frais et confortable. <strong>Appui-t\u00eate et oreiller lombaire<\/strong><br \/>\nLe soutien ergonomique de ta t\u00eate et des r\u00e9gions lombaires \u00e9limine les tensions et la fatigue, ce qui te permet de rester d\u00e9tendu et en bonne sant\u00e9 tout au long de tes campagnes. <strong>Design ajustable<\/strong><br \/>\nUne gamme de r\u00e9glages ajustables te permet de choisir l&rsquo;inclinaison qui te convient le mieux. <\/p>\n<ul>\n<li>focalis\u00e9 115\u00ba<\/li>\n<li>neutre 125\u00ba<\/li>\n<li>d\u00e9contract\u00e9 157\u00ba<\/li>\n<\/ul>\n","protected":false},"excerpt":{"rendered":"<p>La forteresse du joueur professionnel<br \/>\nUn confort in\u00e9gal\u00e9 : R\u00e8gne sur ton royaume de jeux &#8211; console ou PC &#8211; dans le luxe et le confort.<\/p>\n","protected":false},"featured_media":2142,"comment_status":"open","ping_status":"closed","template":"","meta":[],"product_brand":[],"product_cat":[146,142],"product_tag":[],"class_list":{"0":"post-3686","1":"product","2":"type-product","3":"status-publish","4":"has-post-thumbnail","6":"product_cat-canapes-gaming","7":"product_cat-produits","9":"first","10":"instock","11":"taxable","12":"shipping-taxable","13":"purchasable","14":"product-type-simple"},"_links":{"self":[{"href":"https:\/\/www.gamingchairs.eu\/fr\/wp-json\/wp\/v2\/product\/3686","targetHints":{"allow":["GET"]}}],"collection":[{"href":"https:\/\/www.gamingchairs.eu\/fr\/wp-json\/wp\/v2\/product"}],"about":[{"href":"https:\/\/www.gamingchairs.eu\/fr\/wp-json\/wp\/v2\/types\/product"}],"replies":[{"embeddable":true,"href":"https:\/\/www.gamingchairs.eu\/fr\/wp-json\/wp\/v2\/comments?post=3686"}],"version-history":[{"count":0,"href":"https:\/\/www.gamingchairs.eu\/fr\/wp-json\/wp\/v2\/product\/3686\/revisions"}],"wp:featuredmedia":[{"embeddable":true,"href":"https:\/\/www.gamingchairs.eu\/fr\/wp-json\/wp\/v2\/media\/2142"}],"wp:attachment":[{"href":"https:\/\/www.gamingchairs.eu\/fr\/wp-json\/wp\/v2\/media?parent=3686"}],"wp:term":[{"taxonomy":"product_brand","embeddable":true,"href":"https:\/\/www.gamingchairs.eu\/fr\/wp-json\/wp\/v2\/product_brand?post=3686"},{"taxonomy":"product_cat","embeddable":true,"href":"https:\/\/www.gamingchairs.eu\/fr\/wp-json\/wp\/v2\/product_cat?post=3686"},{"taxonomy":"product_tag","embeddable":true,"href":"https:\/\/www.gamingchairs.eu\/fr\/wp-json\/wp\/v2\/product_tag?post=3686"}],"curies":[{"name":"wp","href":"https:\/\/api.w.org\/{rel}","templated":true}]}}