{"id":3692,"date":"2026-01-11T00:37:00","date_gmt":"2026-01-10T23:37:00","guid":{"rendered":"https:\/\/www.gamingchairs.eu\/product\/xc3-bleu\/"},"modified":"2026-01-11T01:23:29","modified_gmt":"2026-01-11T00:23:29","slug":"xc3-bleu","status":"publish","type":"product","link":"https:\/\/www.gamingchairs.eu\/fr\/boutique\/produits\/fauteuils-gaming\/xc3-bleu\/","title":{"rendered":"XC3 &#8211; Bleu"},"content":{"rendered":"<ul>\n<li>Disponible en 6 couleurs<\/li>\n<li>Les logos ThunderX3 grav\u00e9s offrent un aspect et une sensation \u00e9l\u00e9gants.<\/li>\n<li>AIR Tech pour une respirabilit\u00e9 maximale<\/li>\n<li>Similicuir de premi\u00e8re qualit\u00e9 avec motif en fibre de carbone<\/li>\n<li>Mousse haute densit\u00e9 pour un confort optimal<\/li>\n<li>Coussins de t\u00eate et de dos r\u00e9glables<\/li>\n<li>M\u00e9canisme de contr\u00f4le de l&rsquo;inclinaison<\/li>\n<li>Dossier inclinable r\u00e9glable<\/li>\n<li>L&rsquo;\u00e9l\u00e9vateur hydraulique \u00e0 gaz de classe 4 supporte jusqu&rsquo;\u00e0 150 kg<\/li>\n<\/ul>\n","protected":false},"excerpt":{"rendered":"<p>Avec 6 options de couleurs \u00e9l\u00e9gantes au choix, tu peux t&rsquo;exprimer et arborer un look unique. Construit avec un design ergonomique et des coussins de t\u00eate et de dos r\u00e9glables, ce fauteuil de jeu te permet de te sentir \u00e0 l&rsquo;aise et d\u00e9tendu \u00e0 tout moment. La technologie AIR de la surface d&rsquo;assise et du dossier de la chaise augmente la respirabilit\u00e9 et la circulation de l&rsquo;air, ce qui te permet de rester \u00e0 l&rsquo;aise et au frais pendant que tu joues.  <\/p>\n","protected":false},"featured_media":2262,"comment_status":"open","ping_status":"closed","template":"","meta":[],"product_brand":[],"product_cat":[144,142],"product_tag":[],"class_list":{"0":"post-3692","1":"product","2":"type-product","3":"status-publish","4":"has-post-thumbnail","6":"product_cat-fauteuils-gaming","7":"product_cat-produits","9":"first","10":"outofstock","11":"taxable","12":"shipping-taxable","13":"purchasable","14":"product-type-simple"},"_links":{"self":[{"href":"https:\/\/www.gamingchairs.eu\/fr\/wp-json\/wp\/v2\/product\/3692","targetHints":{"allow":["GET"]}}],"collection":[{"href":"https:\/\/www.gamingchairs.eu\/fr\/wp-json\/wp\/v2\/product"}],"about":[{"href":"https:\/\/www.gamingchairs.eu\/fr\/wp-json\/wp\/v2\/types\/product"}],"replies":[{"embeddable":true,"href":"https:\/\/www.gamingchairs.eu\/fr\/wp-json\/wp\/v2\/comments?post=3692"}],"version-history":[{"count":1,"href":"https:\/\/www.gamingchairs.eu\/fr\/wp-json\/wp\/v2\/product\/3692\/revisions"}],"predecessor-version":[{"id":6206,"href":"https:\/\/www.gamingchairs.eu\/fr\/wp-json\/wp\/v2\/product\/3692\/revisions\/6206"}],"wp:featuredmedia":[{"embeddable":true,"href":"https:\/\/www.gamingchairs.eu\/fr\/wp-json\/wp\/v2\/media\/2262"}],"wp:attachment":[{"href":"https:\/\/www.gamingchairs.eu\/fr\/wp-json\/wp\/v2\/media?parent=3692"}],"wp:term":[{"taxonomy":"product_brand","embeddable":true,"href":"https:\/\/www.gamingchairs.eu\/fr\/wp-json\/wp\/v2\/product_brand?post=3692"},{"taxonomy":"product_cat","embeddable":true,"href":"https:\/\/www.gamingchairs.eu\/fr\/wp-json\/wp\/v2\/product_cat?post=3692"},{"taxonomy":"product_tag","embeddable":true,"href":"https:\/\/www.gamingchairs.eu\/fr\/wp-json\/wp\/v2\/product_tag?post=3692"}],"curies":[{"name":"wp","href":"https:\/\/api.w.org\/{rel}","templated":true}]}}