{"id":4303,"date":"2024-10-30T22:01:09","date_gmt":"2024-10-30T21:01:09","guid":{"rendered":"https:\/\/www.gamingchairs.eu\/shop\/non class\u00e9\/casque-decoute-pro-h7-rgb\/"},"modified":"2026-01-11T01:23:37","modified_gmt":"2026-01-11T00:23:37","slug":"casque-decoute-pro-h7-rgb","status":"publish","type":"product","link":"https:\/\/www.gamingchairs.eu\/fr\/boutique\/produits\/peripheriques\/casque-decoute-pro-h7-rgb\/","title":{"rendered":"Casque d&rsquo;\u00e9coute Pro H7 RGB"},"content":{"rendered":"<ul>\n<li><strong>NEXT GENERATION :<\/strong> PRO-H7 est une toute nouvelle g\u00e9n\u00e9ration de casque st\u00e9r\u00e9o 2.0 sp\u00e9cialement con\u00e7u pour te plonger directement au c\u0153ur de l&rsquo;action. Les haut-parleurs de 40 mm t&rsquo;offrent des sons incroyablement clairs et des basses puissantes. <\/li>\n<li><strong>COMPATIBLE SUR PLUSIEURS PLATEFORMES*<\/strong> Le casque se branche directement sur les ports audio HD de ton PC \u00e0 l&rsquo;aide de son c\u00e2ble principal. Une rallonge de 20 cm est incluse pour connecter le casque \u00e0 la prise jack 3,5 mm de ta manette PlayStation, Xbox, console Nintendo Switch et m\u00eame de ton smartphone, mac. <\/li>\n<li><strong>ENEMIS EN AVANT !<\/strong>  Son microphone omnidirectionnel \u00e0 r\u00e9duction de bruit garantit des conversations claires et pr\u00e9cises avec tes co\u00e9quipiers. Flexible, tu pourras l&rsquo;ajuster et le ranger rapidement. Sa t\u00e9l\u00e9commande filaire permet de r\u00e9gler facilement le volume du son et de contr\u00f4ler le microphone.  <\/li>\n<li><strong>RGB BACKLIGHT :<\/strong> Branche le c\u00e2ble USB d\u00e9di\u00e9 au RGB, ton casque s&rsquo;illumine et offre un r\u00e9tro\u00e9clairage RGB arc-en-ciel ultra design de ses \u00e9couteurs. Un look gamer ultra-tendance pour sublimer ta configuration ! <\/li>\n<li><strong>CONFORT ULTIME :<\/strong> le design circum-aural du casque englobant tes oreilles, la l\u00e9g\u00e8ret\u00e9 des \u00e9couteurs offrent une isolation sonore parfaite, pour rester concentr\u00e9 sur ton jeu. Les coussinets et le bandeau suspendu en similicuir sont rembourr\u00e9s pour un confort durable. <\/li>\n<\/ul>\n","protected":false},"excerpt":{"rendered":"<p>Le Spirit of Gamer PRO-H7 est une toute nouvelle g\u00e9n\u00e9ration d&rsquo;\u00e9couteurs st\u00e9r\u00e9o 2.0 sp\u00e9cialement con\u00e7us pour te plonger directement au c\u0153ur de l&rsquo;action.<\/p>\n","protected":false},"featured_media":1600,"comment_status":"open","ping_status":"closed","template":"","meta":[],"product_brand":[334],"product_cat":[148,142],"product_tag":[270],"class_list":{"0":"post-4303","1":"product","2":"type-product","3":"status-publish","4":"has-post-thumbnail","6":"product_brand-spirit-of-gamer","7":"product_cat-peripheriques","8":"product_cat-produits","9":"product_tag-rgb-fr","11":"first","12":"instock","13":"taxable","14":"shipping-taxable","15":"purchasable","16":"product-type-simple"},"_links":{"self":[{"href":"https:\/\/www.gamingchairs.eu\/fr\/wp-json\/wp\/v2\/product\/4303","targetHints":{"allow":["GET"]}}],"collection":[{"href":"https:\/\/www.gamingchairs.eu\/fr\/wp-json\/wp\/v2\/product"}],"about":[{"href":"https:\/\/www.gamingchairs.eu\/fr\/wp-json\/wp\/v2\/types\/product"}],"replies":[{"embeddable":true,"href":"https:\/\/www.gamingchairs.eu\/fr\/wp-json\/wp\/v2\/comments?post=4303"}],"version-history":[{"count":0,"href":"https:\/\/www.gamingchairs.eu\/fr\/wp-json\/wp\/v2\/product\/4303\/revisions"}],"wp:featuredmedia":[{"embeddable":true,"href":"https:\/\/www.gamingchairs.eu\/fr\/wp-json\/wp\/v2\/media\/1600"}],"wp:attachment":[{"href":"https:\/\/www.gamingchairs.eu\/fr\/wp-json\/wp\/v2\/media?parent=4303"}],"wp:term":[{"taxonomy":"product_brand","embeddable":true,"href":"https:\/\/www.gamingchairs.eu\/fr\/wp-json\/wp\/v2\/product_brand?post=4303"},{"taxonomy":"product_cat","embeddable":true,"href":"https:\/\/www.gamingchairs.eu\/fr\/wp-json\/wp\/v2\/product_cat?post=4303"},{"taxonomy":"product_tag","embeddable":true,"href":"https:\/\/www.gamingchairs.eu\/fr\/wp-json\/wp\/v2\/product_tag?post=4303"}],"curies":[{"name":"wp","href":"https:\/\/api.w.org\/{rel}","templated":true}]}}