{"id":4317,"date":"2024-10-30T21:54:28","date_gmt":"2024-10-30T20:54:28","guid":{"rendered":"https:\/\/www.gamingchairs.eu\/shop\/non class\u00e9\/casque-korp-cobalt-7-1\/"},"modified":"2026-01-11T01:23:38","modified_gmt":"2026-01-11T00:23:38","slug":"casque-korp-cobalt-7-1","status":"publish","type":"product","link":"https:\/\/www.gamingchairs.eu\/fr\/boutique\/produits\/peripheriques\/casque-korp-cobalt-7-1\/","title":{"rendered":"Casque Korp Cobalt 7.1"},"content":{"rendered":"<h2>CASQUE DE JEU 7.1 SURROUND<\/h2>\n<p>Dot\u00e9 d&rsquo;un son surround 7.1 immersif, ce mod\u00e8le offre une spatialisation fid\u00e8le et pr\u00e9cise de tous les effets sonores de tes jeux pr\u00e9f\u00e9r\u00e9s. Son microphone flexible assure une communication optimale avec tes co\u00e9quipiers. Confortables et l\u00e9gers, les coussins sont fabriqu\u00e9s en tissu doux et respirant. Les basses ont \u00e9t\u00e9 renforc\u00e9es pour un son plus r\u00e9aliste. Le logiciel Windows d\u00e9di\u00e9 te permet de personnaliser les param\u00e8tres audio avec des effets sonores et microphoniques.<\/p>\n<ul>\n<li>Le son 7.1 pour plus d&rsquo;efficacit\u00e9 !<\/li>\n<li>Des basses puissantes<\/li>\n<li>Mousse \u00e0 m\u00e9moire de forme<\/li>\n<li>RVB<\/li>\n<li>Avec t\u00e9l\u00e9commande<\/li>\n<li>Compatible PC et PS4<\/li>\n<li>Garantie de 2 ans<\/li>\n<\/ul>\n","protected":false},"excerpt":{"rendered":"<p>Le Korp COBALT 7.1 est le nouveau casque de jeu haute performance du G-Lab !<\/p>\n","protected":false},"featured_media":1197,"comment_status":"open","ping_status":"closed","template":"","meta":[],"product_brand":[335],"product_cat":[148,142],"product_tag":[270],"class_list":{"0":"post-4317","1":"product","2":"type-product","3":"status-publish","4":"has-post-thumbnail","6":"product_brand-the-g-lab","7":"product_cat-peripheriques","8":"product_cat-produits","9":"product_tag-rgb-fr","11":"first","12":"instock","13":"taxable","14":"shipping-taxable","15":"purchasable","16":"product-type-simple"},"_links":{"self":[{"href":"https:\/\/www.gamingchairs.eu\/fr\/wp-json\/wp\/v2\/product\/4317","targetHints":{"allow":["GET"]}}],"collection":[{"href":"https:\/\/www.gamingchairs.eu\/fr\/wp-json\/wp\/v2\/product"}],"about":[{"href":"https:\/\/www.gamingchairs.eu\/fr\/wp-json\/wp\/v2\/types\/product"}],"replies":[{"embeddable":true,"href":"https:\/\/www.gamingchairs.eu\/fr\/wp-json\/wp\/v2\/comments?post=4317"}],"version-history":[{"count":0,"href":"https:\/\/www.gamingchairs.eu\/fr\/wp-json\/wp\/v2\/product\/4317\/revisions"}],"wp:featuredmedia":[{"embeddable":true,"href":"https:\/\/www.gamingchairs.eu\/fr\/wp-json\/wp\/v2\/media\/1197"}],"wp:attachment":[{"href":"https:\/\/www.gamingchairs.eu\/fr\/wp-json\/wp\/v2\/media?parent=4317"}],"wp:term":[{"taxonomy":"product_brand","embeddable":true,"href":"https:\/\/www.gamingchairs.eu\/fr\/wp-json\/wp\/v2\/product_brand?post=4317"},{"taxonomy":"product_cat","embeddable":true,"href":"https:\/\/www.gamingchairs.eu\/fr\/wp-json\/wp\/v2\/product_cat?post=4317"},{"taxonomy":"product_tag","embeddable":true,"href":"https:\/\/www.gamingchairs.eu\/fr\/wp-json\/wp\/v2\/product_tag?post=4317"}],"curies":[{"name":"wp","href":"https:\/\/api.w.org\/{rel}","templated":true}]}}