{"id":4320,"date":"2024-10-29T22:21:11","date_gmt":"2024-10-29T21:21:11","guid":{"rendered":"https:\/\/www.gamingchairs.eu\/shop\/non class\u00e9\/souris-de-jeu-deathadder-essential\/"},"modified":"2026-01-11T01:23:38","modified_gmt":"2026-01-11T00:23:38","slug":"souris-de-jeu-deathadder-essential","status":"publish","type":"product","link":"https:\/\/www.gamingchairs.eu\/fr\/boutique\/produits\/peripheriques\/souris-de-jeu-deathadder-essential\/","title":{"rendered":"Souris de jeu DeathAdder Essential"},"content":{"rendered":"<p><strong>La souris de jeu indispensable<\/strong> Depuis plus d&rsquo;une d\u00e9cennie, la gamme DeathAdder de Razer est un pilier de l&rsquo;ar\u00e8ne esports mondiale. Elle a acquis une r\u00e9putation de fiabilit\u00e9 que les joueurs ne jurent que par sa durabilit\u00e9 et son ergonomie \u00e9prouv\u00e9es. Aujourd&rsquo;hui, nous la rendons encore plus accessible avec son dernier successeur, la Razer DeathAdder Essential.<strong>R\u00e9activit\u00e9 soyeuse<\/strong><strong>Connectivit\u00e9 sans fil 2,4 ghz sans lat<\/strong> ence Le Model D Wireless \u00e9limine les latences frustrantes gr\u00e2ce \u00e0 sa connectivit\u00e9 sans fil \u00e0 la pointe de l&rsquo;industrie. La technologie de pointe emball\u00e9e \u00e0 l&rsquo;int\u00e9rieur emp\u00eache les doubles clics et le manque de r\u00e9activit\u00e9, produisant un fonctionnement incroyablement fluide.<\/p>\n","protected":false},"excerpt":{"rendered":"<p>La famille Razer DeathAdder est l&rsquo;une des souris de jeu les plus connues et reconnues au monde. Avec plus de 9 millions d&rsquo;unit\u00e9s vendues dans le monde et des dizaines de r\u00e9compenses c\u00e9l\u00e8bres, il n&rsquo;est pas surprenant que la Razer DeathAdder ait acquis un v\u00e9ritable culte depuis sa cr\u00e9ation. <\/p>\n","protected":false},"featured_media":2694,"comment_status":"open","ping_status":"closed","template":"","meta":[],"product_brand":[338],"product_cat":[148,142],"product_tag":[270],"class_list":{"0":"post-4320","1":"product","2":"type-product","3":"status-publish","4":"has-post-thumbnail","6":"product_brand-razer","7":"product_cat-peripheriques","8":"product_cat-produits","9":"product_tag-rgb-fr","11":"first","12":"instock","13":"taxable","14":"shipping-taxable","15":"purchasable","16":"product-type-simple"},"_links":{"self":[{"href":"https:\/\/www.gamingchairs.eu\/fr\/wp-json\/wp\/v2\/product\/4320","targetHints":{"allow":["GET"]}}],"collection":[{"href":"https:\/\/www.gamingchairs.eu\/fr\/wp-json\/wp\/v2\/product"}],"about":[{"href":"https:\/\/www.gamingchairs.eu\/fr\/wp-json\/wp\/v2\/types\/product"}],"replies":[{"embeddable":true,"href":"https:\/\/www.gamingchairs.eu\/fr\/wp-json\/wp\/v2\/comments?post=4320"}],"version-history":[{"count":0,"href":"https:\/\/www.gamingchairs.eu\/fr\/wp-json\/wp\/v2\/product\/4320\/revisions"}],"wp:featuredmedia":[{"embeddable":true,"href":"https:\/\/www.gamingchairs.eu\/fr\/wp-json\/wp\/v2\/media\/2694"}],"wp:attachment":[{"href":"https:\/\/www.gamingchairs.eu\/fr\/wp-json\/wp\/v2\/media?parent=4320"}],"wp:term":[{"taxonomy":"product_brand","embeddable":true,"href":"https:\/\/www.gamingchairs.eu\/fr\/wp-json\/wp\/v2\/product_brand?post=4320"},{"taxonomy":"product_cat","embeddable":true,"href":"https:\/\/www.gamingchairs.eu\/fr\/wp-json\/wp\/v2\/product_cat?post=4320"},{"taxonomy":"product_tag","embeddable":true,"href":"https:\/\/www.gamingchairs.eu\/fr\/wp-json\/wp\/v2\/product_tag?post=4320"}],"curies":[{"name":"wp","href":"https:\/\/api.w.org\/{rel}","templated":true}]}}