{"id":4330,"date":"2024-10-30T22:27:12","date_gmt":"2024-10-30T21:27:12","guid":{"rendered":"https:\/\/www.gamingchairs.eu\/shop\/non class\u00e9\/cordon-dalimentation-c13\/"},"modified":"2026-01-11T01:23:36","modified_gmt":"2026-01-11T00:23:36","slug":"cordon-dalimentation-c13","status":"publish","type":"product","link":"https:\/\/www.gamingchairs.eu\/fr\/boutique\/produits\/cablage\/cordon-dalimentation-c13\/","title":{"rendered":"Cordon d&rsquo;alimentation C13"},"content":{"rendered":"<div class=\"product-description\" data-test=\"description\">\n<p>Cordon pour appareil Schuko vers C13 adapt\u00e9 \u00e0 de multiples applications, d&rsquo;une longueur de 1,2 m\u00e8tre et de couleur noire. Pour une utilisation standard avec un syst\u00e8me informatique ou un \u00e9cran LCD et un t\u00e9l\u00e9viseur. Ce c\u00e2ble est largement utilis\u00e9 pour, par exemple, connecter l&rsquo;ordinateur au secteur (cordon d&rsquo;alimentation). <\/p>\n<\/div>\n","protected":false},"excerpt":{"rendered":"<p>Ordinateur universel Cordon d&rsquo;alimentation \/ C\u00e2ble d&rsquo;alimentation \/ C\u00e2ble d&rsquo;alimentation \u00e0 fiche \/ Prise secteur<\/p>\n","protected":false},"featured_media":1583,"comment_status":"open","ping_status":"closed","template":"","meta":[],"product_brand":[330],"product_cat":[143],"product_tag":[],"class_list":{"0":"post-4330","1":"product","2":"type-product","3":"status-publish","4":"has-post-thumbnail","6":"product_brand-gce","7":"product_cat-cablage","9":"first","10":"instock","11":"taxable","12":"shipping-taxable","13":"purchasable","14":"product-type-simple"},"_links":{"self":[{"href":"https:\/\/www.gamingchairs.eu\/fr\/wp-json\/wp\/v2\/product\/4330","targetHints":{"allow":["GET"]}}],"collection":[{"href":"https:\/\/www.gamingchairs.eu\/fr\/wp-json\/wp\/v2\/product"}],"about":[{"href":"https:\/\/www.gamingchairs.eu\/fr\/wp-json\/wp\/v2\/types\/product"}],"replies":[{"embeddable":true,"href":"https:\/\/www.gamingchairs.eu\/fr\/wp-json\/wp\/v2\/comments?post=4330"}],"version-history":[{"count":0,"href":"https:\/\/www.gamingchairs.eu\/fr\/wp-json\/wp\/v2\/product\/4330\/revisions"}],"wp:featuredmedia":[{"embeddable":true,"href":"https:\/\/www.gamingchairs.eu\/fr\/wp-json\/wp\/v2\/media\/1583"}],"wp:attachment":[{"href":"https:\/\/www.gamingchairs.eu\/fr\/wp-json\/wp\/v2\/media?parent=4330"}],"wp:term":[{"taxonomy":"product_brand","embeddable":true,"href":"https:\/\/www.gamingchairs.eu\/fr\/wp-json\/wp\/v2\/product_brand?post=4330"},{"taxonomy":"product_cat","embeddable":true,"href":"https:\/\/www.gamingchairs.eu\/fr\/wp-json\/wp\/v2\/product_cat?post=4330"},{"taxonomy":"product_tag","embeddable":true,"href":"https:\/\/www.gamingchairs.eu\/fr\/wp-json\/wp\/v2\/product_tag?post=4330"}],"curies":[{"name":"wp","href":"https:\/\/api.w.org\/{rel}","templated":true}]}}