{"id":4793,"date":"2025-02-11T14:03:17","date_gmt":"2025-02-11T13:03:17","guid":{"rendered":"https:\/\/www.gamingchairs.eu\/?post_type=product&#038;p=4793"},"modified":"2026-04-23T22:18:24","modified_gmt":"2026-04-23T20:18:24","slug":"dc3-air-noir-et-rouge","status":"publish","type":"product","link":"https:\/\/www.gamingchairs.eu\/fr\/boutique\/produits\/fauteuils-gaming\/dc3-air-noir-et-rouge\/","title":{"rendered":"DC3 Air &#8211; Noir &amp; Rouge"},"content":{"rendered":"<p>Dot\u00e9 de la technologie AIR Tech pour une respirabilit\u00e9 sup\u00e9rieure et d&rsquo;un design ergonomique, ce fauteuil de jeu te procure une sensation de fra\u00eecheur tout en t&rsquo;apportant un soutien important l\u00e0 o\u00f9 tu en as le plus besoin. Ce fauteuil de jeu est dot\u00e9 d&rsquo;un dossier r\u00e9glable et est livr\u00e9 avec des coussins de t\u00eate et de dos r\u00e9glables.<\/p>\n<ul>\n<li>AIR Tech &#8211; Surface de st\u00e9nop\u00e9 respirante<\/li>\n<li>Similicuir de premi\u00e8re qualit\u00e9 avec motif en fibre de carbone<\/li>\n<li>Mousse haute densit\u00e9 avec motif de diamant matelass\u00e9<\/li>\n<li>Dossier inclinable r\u00e9glable<\/li>\n<li>Mousse haute densit\u00e9 pour un confort tout au long de la journ\u00e9e<\/li>\n<li>Coussins de t\u00eate et de dos r\u00e9glables<\/li>\n<li>\u00c9l\u00e9vateur \u00e0 gaz hydraulique de classe 4<\/li>\n<li>3 combinaisons de couleurs<\/li>\n<\/ul>\n","protected":false},"excerpt":{"rendered":"<p>Construit en mousse haute densit\u00e9 avec un design matelass\u00e9 en forme de losange, le DC3 offre un maximum de confort et de style.<\/p>\n","protected":false},"featured_media":4797,"comment_status":"open","ping_status":"closed","template":"","meta":[],"product_brand":[],"product_cat":[144,142],"product_tag":[],"class_list":{"0":"post-4793","1":"product","2":"type-product","3":"status-publish","4":"has-post-thumbnail","6":"product_cat-fauteuils-gaming","7":"product_cat-produits","9":"first","10":"outofstock","11":"taxable","12":"shipping-taxable","13":"purchasable","14":"product-type-simple"},"_links":{"self":[{"href":"https:\/\/www.gamingchairs.eu\/fr\/wp-json\/wp\/v2\/product\/4793","targetHints":{"allow":["GET"]}}],"collection":[{"href":"https:\/\/www.gamingchairs.eu\/fr\/wp-json\/wp\/v2\/product"}],"about":[{"href":"https:\/\/www.gamingchairs.eu\/fr\/wp-json\/wp\/v2\/types\/product"}],"replies":[{"embeddable":true,"href":"https:\/\/www.gamingchairs.eu\/fr\/wp-json\/wp\/v2\/comments?post=4793"}],"version-history":[{"count":3,"href":"https:\/\/www.gamingchairs.eu\/fr\/wp-json\/wp\/v2\/product\/4793\/revisions"}],"predecessor-version":[{"id":7468,"href":"https:\/\/www.gamingchairs.eu\/fr\/wp-json\/wp\/v2\/product\/4793\/revisions\/7468"}],"wp:featuredmedia":[{"embeddable":true,"href":"https:\/\/www.gamingchairs.eu\/fr\/wp-json\/wp\/v2\/media\/4797"}],"wp:attachment":[{"href":"https:\/\/www.gamingchairs.eu\/fr\/wp-json\/wp\/v2\/media?parent=4793"}],"wp:term":[{"taxonomy":"product_brand","embeddable":true,"href":"https:\/\/www.gamingchairs.eu\/fr\/wp-json\/wp\/v2\/product_brand?post=4793"},{"taxonomy":"product_cat","embeddable":true,"href":"https:\/\/www.gamingchairs.eu\/fr\/wp-json\/wp\/v2\/product_cat?post=4793"},{"taxonomy":"product_tag","embeddable":true,"href":"https:\/\/www.gamingchairs.eu\/fr\/wp-json\/wp\/v2\/product_tag?post=4793"}],"curies":[{"name":"wp","href":"https:\/\/api.w.org\/{rel}","templated":true}]}}