{"id":5134,"date":"2025-05-04T20:00:30","date_gmt":"2025-05-04T18:00:30","guid":{"rendered":"https:\/\/www.gamingchairs.eu\/?post_type=product&#038;p=5134"},"modified":"2026-04-30T07:17:59","modified_gmt":"2026-04-30T05:17:59","slug":"noblechairs-epic-white-gaming-chair","status":"publish","type":"product","link":"https:\/\/www.gamingchairs.eu\/fr\/boutique\/produits\/fauteuils-gaming\/noblechairs-epic-white-gaming-chair\/","title":{"rendered":"Noblechairs Epic &#8211; Blanc"},"content":{"rendered":"<h3>Caract\u00e9ristiques<\/h3>\n<ul>\n<li>Fonction d&rsquo;inclinaison pratique (max. 11\u00b0)<\/li>\n<li>Accoudoirs 4D avec r\u00e9glage maximal<\/li>\n<li>Angle r\u00e9glable du dossier (90\u00b0 \u00e0 135\u00b0)<\/li>\n<li>Hauteur d&rsquo;assise r\u00e9glable (environ 48 &#8211; 58 cm)<\/li>\n<li>Deux coussins confortables inclus<\/li>\n<li>Mousse froide r\u00e9sistante \u00e0 la d\u00e9formation<\/li>\n<li>\u00c9l\u00e9vateur \u00e0 gaz hydraulique durable (classe 4)<\/li>\n<li>Base robuste en aluminium<\/li>\n<li>Roulettes de 60 mm pour les sols durs et souples<\/li>\n<li>Noyau en acier durable<\/li>\n<li>Charge maximale jusqu&rsquo;\u00e0 120 kg<\/li>\n<li>Garantie du fabricant : 2 ans<\/li>\n<li>Poids : environ 28 kg <\/li>\n<li>Profondeur de l&rsquo;accoudoir : 27cm<\/li>\n<li>Largeur de l&rsquo;accoudoir : 10.5cm<\/li>\n<li>Dossier du dossier : 87cm<\/li>\n<li>Surface de contact du dossier : 29,5 cm<\/li>\n<li>Profondeur de l&rsquo;assise : 49.5cm<\/li>\n<li>Largeur du si\u00e8ge : 56cm<\/li>\n<li>Surface de contact du si\u00e8ge : 36cm<\/li>\n<li>Hauteur du si\u00e8ge : 48-58cm<\/li>\n<li>Profondeur totale : 56,5 cm<\/li>\n<li>Hauteur totale : 129,5 &#8211; 139,5 cm<\/li>\n<\/ul>\n<h3>Mat\u00e9riau<\/h3>\n<ul>\n<li>Acier (cadre)<\/li>\n<li>Mousse froide (rembourrage)<\/li>\n<li>Cuir de grain sup\u00e9rieur, cuir nappa ou cuir PU ( rev\u00eatement)<\/li>\n<li>Aluminium (base)<\/li>\n<li>Nylon \/ polyur\u00e9thane (roulettes)<\/li>\n<li>Polyur\u00e9thane (accoudoirs)<\/li>\n<\/ul>\n","protected":false},"excerpt":{"rendered":"<p>Le <span class=\"tagify__input\" tabindex=\"0\" role=\"textbox\" contenteditable=\"true\" data-placeholder=\"Example: Rank Math SEO\" aria-placeholder=\"Example: Rank Math SEO\" aria-autocomplete=\"both\" aria-multiline=\"false\">Noblechairs Epic White <\/span>est un fauteuil de jeu de luxe unique en son genre, avec un rev\u00eatement en faux cuir v\u00e9g\u00e9talien, un design haut de gamme, une fabrication de haute pr\u00e9cision, de nombreuses fonctions et options de r\u00e9glage, des accoudoirs 4D. Ensemble de coussins de premi\u00e8re qualit\u00e9 inclus.<\/p>\n","protected":false},"featured_media":5166,"comment_status":"open","ping_status":"closed","template":"","meta":[],"product_brand":[],"product_cat":[144,142],"product_tag":[],"class_list":{"0":"post-5134","1":"product","2":"type-product","3":"status-publish","4":"has-post-thumbnail","6":"product_cat-fauteuils-gaming","7":"product_cat-produits","9":"first","10":"outofstock","11":"sale","12":"featured","13":"taxable","14":"shipping-taxable","15":"purchasable","16":"product-type-simple"},"_links":{"self":[{"href":"https:\/\/www.gamingchairs.eu\/fr\/wp-json\/wp\/v2\/product\/5134","targetHints":{"allow":["GET"]}}],"collection":[{"href":"https:\/\/www.gamingchairs.eu\/fr\/wp-json\/wp\/v2\/product"}],"about":[{"href":"https:\/\/www.gamingchairs.eu\/fr\/wp-json\/wp\/v2\/types\/product"}],"replies":[{"embeddable":true,"href":"https:\/\/www.gamingchairs.eu\/fr\/wp-json\/wp\/v2\/comments?post=5134"}],"version-history":[{"count":3,"href":"https:\/\/www.gamingchairs.eu\/fr\/wp-json\/wp\/v2\/product\/5134\/revisions"}],"predecessor-version":[{"id":6245,"href":"https:\/\/www.gamingchairs.eu\/fr\/wp-json\/wp\/v2\/product\/5134\/revisions\/6245"}],"wp:featuredmedia":[{"embeddable":true,"href":"https:\/\/www.gamingchairs.eu\/fr\/wp-json\/wp\/v2\/media\/5166"}],"wp:attachment":[{"href":"https:\/\/www.gamingchairs.eu\/fr\/wp-json\/wp\/v2\/media?parent=5134"}],"wp:term":[{"taxonomy":"product_brand","embeddable":true,"href":"https:\/\/www.gamingchairs.eu\/fr\/wp-json\/wp\/v2\/product_brand?post=5134"},{"taxonomy":"product_cat","embeddable":true,"href":"https:\/\/www.gamingchairs.eu\/fr\/wp-json\/wp\/v2\/product_cat?post=5134"},{"taxonomy":"product_tag","embeddable":true,"href":"https:\/\/www.gamingchairs.eu\/fr\/wp-json\/wp\/v2\/product_tag?post=5134"}],"curies":[{"name":"wp","href":"https:\/\/api.w.org\/{rel}","templated":true}]}}