{"id":5707,"date":"2025-10-02T19:43:00","date_gmt":"2025-10-02T17:43:00","guid":{"rendered":"https:\/\/www.gamingchairs.eu\/?post_type=product&#038;p=5707"},"modified":"2026-01-11T01:23:32","modified_gmt":"2026-01-11T00:23:32","slug":"tapis-de-souris-de-jeu-xl-copy","status":"publish","type":"product","link":"https:\/\/www.gamingchairs.eu\/fr\/boutique\/produits\/peripheriques\/tapis-de-souris-de-jeu-xl-copy\/","title":{"rendered":"Tapis de souris gaming &#8211; XL"},"content":{"rendered":"<p>Surface en tissu \u00e0 mailles fines de premi\u00e8re qualit\u00e9, permettant \u00e0 ta souris de se d\u00e9placer en douceur et avec pr\u00e9cision.<br \/>\nLa base en caoutchouc antid\u00e9rapante emp\u00eache efficacement le tapis de souris de glisser.<br \/>\nLa conception du rev\u00eatement des bords le fait durer beaucoup plus longtemps.<br \/>\nAvec une taille de 70 x 30 cm et une \u00e9paisseur de 3 mm, il a une plus grande surface utilisable pour couvrir le clavier, la souris et les autres objets sur le bureau lorsque tu joues \u00e0 des jeux.<\/p>\n","protected":false},"excerpt":{"rendered":"<p>Surface en tissu \u00e0 mailles fines de premi\u00e8re qualit\u00e9, permettant \u00e0 ta souris de se d\u00e9placer en douceur et avec pr\u00e9cision.<\/p>\n","protected":false},"featured_media":5715,"comment_status":"open","ping_status":"closed","template":"","meta":[],"product_brand":[332],"product_cat":[148,142],"product_tag":[],"class_list":{"0":"post-5707","1":"product","2":"type-product","3":"status-publish","4":"has-post-thumbnail","6":"product_brand-havit","7":"product_cat-peripheriques","8":"product_cat-produits","10":"first","11":"instock","12":"taxable","13":"shipping-taxable","14":"purchasable","15":"product-type-simple"},"_links":{"self":[{"href":"https:\/\/www.gamingchairs.eu\/fr\/wp-json\/wp\/v2\/product\/5707","targetHints":{"allow":["GET"]}}],"collection":[{"href":"https:\/\/www.gamingchairs.eu\/fr\/wp-json\/wp\/v2\/product"}],"about":[{"href":"https:\/\/www.gamingchairs.eu\/fr\/wp-json\/wp\/v2\/types\/product"}],"replies":[{"embeddable":true,"href":"https:\/\/www.gamingchairs.eu\/fr\/wp-json\/wp\/v2\/comments?post=5707"}],"version-history":[{"count":2,"href":"https:\/\/www.gamingchairs.eu\/fr\/wp-json\/wp\/v2\/product\/5707\/revisions"}],"predecessor-version":[{"id":5845,"href":"https:\/\/www.gamingchairs.eu\/fr\/wp-json\/wp\/v2\/product\/5707\/revisions\/5845"}],"wp:featuredmedia":[{"embeddable":true,"href":"https:\/\/www.gamingchairs.eu\/fr\/wp-json\/wp\/v2\/media\/5715"}],"wp:attachment":[{"href":"https:\/\/www.gamingchairs.eu\/fr\/wp-json\/wp\/v2\/media?parent=5707"}],"wp:term":[{"taxonomy":"product_brand","embeddable":true,"href":"https:\/\/www.gamingchairs.eu\/fr\/wp-json\/wp\/v2\/product_brand?post=5707"},{"taxonomy":"product_cat","embeddable":true,"href":"https:\/\/www.gamingchairs.eu\/fr\/wp-json\/wp\/v2\/product_cat?post=5707"},{"taxonomy":"product_tag","embeddable":true,"href":"https:\/\/www.gamingchairs.eu\/fr\/wp-json\/wp\/v2\/product_tag?post=5707"}],"curies":[{"name":"wp","href":"https:\/\/api.w.org\/{rel}","templated":true}]}}