{"id":5728,"date":"2025-10-02T19:54:43","date_gmt":"2025-10-02T17:54:43","guid":{"rendered":"https:\/\/www.gamingchairs.eu\/?post_type=product&#038;p=5728"},"modified":"2026-01-11T01:23:31","modified_gmt":"2026-01-11T00:23:31","slug":"tapis-de-souris-de-jeu-avec-lumiere-led-rvb-xl-copy","status":"publish","type":"product","link":"https:\/\/www.gamingchairs.eu\/fr\/boutique\/produits\/peripheriques\/tapis-de-souris-de-jeu-avec-lumiere-led-rvb-xl-copy\/","title":{"rendered":"Tapis de souris gaming avec lumi\u00e8re LED RVB &#8211; XXL"},"content":{"rendered":"<p>Bords \u00e9clair\u00e9s par LED RVB multicolores avec 12 r\u00e9glages d&rsquo;effets lumineux<\/p>\n<p>Parfait pour les souris gaming laser et optiques<\/p>\n<p>Grande surface de 300 x 800 mm<\/p>\n<p>Mat\u00e9riau de surface en tissu tr\u00e8s r\u00e9sistant pour une pr\u00e9cision optimale et un contr\u00f4le fluide<\/p>\n<p>Fond antid\u00e9rapant en caoutchouc durable.<\/p>\n","protected":false},"excerpt":{"rendered":"<p>Un vrai joueur ne peut pas se passer de ce tapis de souris !<\/p>\n","protected":false},"featured_media":5736,"comment_status":"open","ping_status":"closed","template":"","meta":[],"product_brand":[329],"product_cat":[148,142],"product_tag":[270],"class_list":{"0":"post-5728","1":"product","2":"type-product","3":"status-publish","4":"has-post-thumbnail","6":"product_brand-mars-gaming","7":"product_cat-peripheriques","8":"product_cat-produits","9":"product_tag-rgb-fr","11":"first","12":"instock","13":"taxable","14":"shipping-taxable","15":"purchasable","16":"product-type-simple"},"_links":{"self":[{"href":"https:\/\/www.gamingchairs.eu\/fr\/wp-json\/wp\/v2\/product\/5728","targetHints":{"allow":["GET"]}}],"collection":[{"href":"https:\/\/www.gamingchairs.eu\/fr\/wp-json\/wp\/v2\/product"}],"about":[{"href":"https:\/\/www.gamingchairs.eu\/fr\/wp-json\/wp\/v2\/types\/product"}],"replies":[{"embeddable":true,"href":"https:\/\/www.gamingchairs.eu\/fr\/wp-json\/wp\/v2\/comments?post=5728"}],"version-history":[{"count":2,"href":"https:\/\/www.gamingchairs.eu\/fr\/wp-json\/wp\/v2\/product\/5728\/revisions"}],"predecessor-version":[{"id":5844,"href":"https:\/\/www.gamingchairs.eu\/fr\/wp-json\/wp\/v2\/product\/5728\/revisions\/5844"}],"wp:featuredmedia":[{"embeddable":true,"href":"https:\/\/www.gamingchairs.eu\/fr\/wp-json\/wp\/v2\/media\/5736"}],"wp:attachment":[{"href":"https:\/\/www.gamingchairs.eu\/fr\/wp-json\/wp\/v2\/media?parent=5728"}],"wp:term":[{"taxonomy":"product_brand","embeddable":true,"href":"https:\/\/www.gamingchairs.eu\/fr\/wp-json\/wp\/v2\/product_brand?post=5728"},{"taxonomy":"product_cat","embeddable":true,"href":"https:\/\/www.gamingchairs.eu\/fr\/wp-json\/wp\/v2\/product_cat?post=5728"},{"taxonomy":"product_tag","embeddable":true,"href":"https:\/\/www.gamingchairs.eu\/fr\/wp-json\/wp\/v2\/product_tag?post=5728"}],"curies":[{"name":"wp","href":"https:\/\/api.w.org\/{rel}","templated":true}]}}