{"id":5744,"date":"2025-10-02T21:02:46","date_gmt":"2025-10-02T19:02:46","guid":{"rendered":"https:\/\/www.gamingchairs.eu\/?post_type=product&#038;p=5744"},"modified":"2026-01-11T01:23:31","modified_gmt":"2026-01-11T00:23:31","slug":"tapis-de-souris-de-jeu-avec-lumiere-led-rvb-xl-copy-2","status":"publish","type":"product","link":"https:\/\/www.gamingchairs.eu\/fr\/boutique\/produits\/peripheriques\/tapis-de-souris-de-jeu-avec-lumiere-led-rvb-xl-copy-2\/","title":{"rendered":"Tapis de souris gaming Rubidium RGB &#8211; XXL"},"content":{"rendered":"<p>Bords \u00e9clair\u00e9s par LED RVB multicolores avec 14 r\u00e9glages d&rsquo;effets lumineux<\/p>\n<p>Parfait pour les souris gaming laser et optiques<\/p>\n<p>Grande surface de 300 x 800 mm<\/p>\n<p>Mat\u00e9riau de surface en tissu tr\u00e8s r\u00e9sistant pour une pr\u00e9cision optimale et un contr\u00f4le fluide<\/p>\n<p>Fond antid\u00e9rapant en caoutchouc naturel.<\/p>\n","protected":false},"excerpt":{"rendered":"<p>Un vrai joueur ne peut pas se passer de ce tapis de souris !<\/p>\n","protected":false},"featured_media":5752,"comment_status":"open","ping_status":"closed","template":"","meta":[],"product_brand":[335],"product_cat":[148,142],"product_tag":[270],"class_list":{"0":"post-5744","1":"product","2":"type-product","3":"status-publish","4":"has-post-thumbnail","6":"product_brand-the-g-lab","7":"product_cat-peripheriques","8":"product_cat-produits","9":"product_tag-rgb-fr","11":"first","12":"instock","13":"taxable","14":"shipping-taxable","15":"purchasable","16":"product-type-simple"},"_links":{"self":[{"href":"https:\/\/www.gamingchairs.eu\/fr\/wp-json\/wp\/v2\/product\/5744","targetHints":{"allow":["GET"]}}],"collection":[{"href":"https:\/\/www.gamingchairs.eu\/fr\/wp-json\/wp\/v2\/product"}],"about":[{"href":"https:\/\/www.gamingchairs.eu\/fr\/wp-json\/wp\/v2\/types\/product"}],"replies":[{"embeddable":true,"href":"https:\/\/www.gamingchairs.eu\/fr\/wp-json\/wp\/v2\/comments?post=5744"}],"version-history":[{"count":2,"href":"https:\/\/www.gamingchairs.eu\/fr\/wp-json\/wp\/v2\/product\/5744\/revisions"}],"predecessor-version":[{"id":5839,"href":"https:\/\/www.gamingchairs.eu\/fr\/wp-json\/wp\/v2\/product\/5744\/revisions\/5839"}],"wp:featuredmedia":[{"embeddable":true,"href":"https:\/\/www.gamingchairs.eu\/fr\/wp-json\/wp\/v2\/media\/5752"}],"wp:attachment":[{"href":"https:\/\/www.gamingchairs.eu\/fr\/wp-json\/wp\/v2\/media?parent=5744"}],"wp:term":[{"taxonomy":"product_brand","embeddable":true,"href":"https:\/\/www.gamingchairs.eu\/fr\/wp-json\/wp\/v2\/product_brand?post=5744"},{"taxonomy":"product_cat","embeddable":true,"href":"https:\/\/www.gamingchairs.eu\/fr\/wp-json\/wp\/v2\/product_cat?post=5744"},{"taxonomy":"product_tag","embeddable":true,"href":"https:\/\/www.gamingchairs.eu\/fr\/wp-json\/wp\/v2\/product_tag?post=5744"}],"curies":[{"name":"wp","href":"https:\/\/api.w.org\/{rel}","templated":true}]}}