{"id":6125,"date":"2026-01-10T20:46:11","date_gmt":"2026-01-10T19:46:11","guid":{"rendered":"https:\/\/www.gamingchairs.eu\/?post_type=product&#038;p=6125"},"modified":"2026-01-11T01:40:45","modified_gmt":"2026-01-11T00:40:45","slug":"dxracer-air-r1s-gpg-grey-pink-gaming-chair","status":"publish","type":"product","link":"https:\/\/www.gamingchairs.eu\/fr\/boutique\/produits\/fauteuils-gaming\/dxracer-air-r1s-gpg-grey-pink-gaming-chair\/","title":{"rendered":"DXRacer AIR R1S-GPG &#8211; Gris et rose"},"content":{"rendered":"<p>AIR R1S est le premier du genre \u00e0 utiliser des mailles recycl\u00e9es coupl\u00e9es \u00e0 des ressorts de suspension uniques pour te garder au frais et \u00e0 l&rsquo;aise tout au long du jeu, tout au long de l&rsquo;ann\u00e9e.<br \/>\nLa maille ultra-respirante am\u00e9liore la circulation de l&rsquo;air et diminue l&rsquo;accumulation de chaleur et d&rsquo;humidit\u00e9.<br \/>\nLe fauteuil est dot\u00e9 d&rsquo;un support lombaire r\u00e9glable int\u00e9gr\u00e9, d&rsquo;un appui-t\u00eate en mousse \u00e0 m\u00e9moire de forme et d&rsquo;un dossier inclinable qui te permet de trouver la position assise que tu pr\u00e9f\u00e8res.<br \/>\nL&rsquo;unit\u00e9 de commande multifonctionnelle avanc\u00e9e ne te permet pas seulement de faire basculer le si\u00e8ge d&rsquo;avant en arri\u00e8re, mais elle permet \u00e9galement \u00e0 l&rsquo;utilisateur de verrouiller le si\u00e8ge dans des positions progressivement inclin\u00e9es, ce qui te permet de t&rsquo;asseoir de mani\u00e8re plus d\u00e9tendue.<br \/>\nLes accoudoirs 4D sont r\u00e9glables dans quatre directions diff\u00e9rentes, ce qui se traduit par des options de personnalisation presque innombrables.<br \/>\nLes grandes roulettes rev\u00eatues de PU ainsi que l&#8217;empattement en aluminium de couleur incrust\u00e9 permettent \u00e0 la chaise de rouler en douceur sur les surfaces planes.<br \/>\nL&rsquo;\u00e9l\u00e9vateur \u00e0 gaz certifi\u00e9 de classe 4 a une capacit\u00e9 maximale de 150 kg et la hauteur recommand\u00e9e va jusqu&rsquo;\u00e0 200 cm.<\/p>\n","protected":false},"excerpt":{"rendered":"<p>DXRacer Air R1S est con\u00e7u pour \u00eatre le fauteuil de jeu ultime gr\u00e2ce \u00e0 ses caract\u00e9ristiques respirantes, polyvalentes et de soutien.<\/p>\n","protected":false},"featured_media":6133,"comment_status":"open","ping_status":"closed","template":"","meta":[],"product_brand":[],"product_cat":[144,142],"product_tag":[],"class_list":{"0":"post-6125","1":"product","2":"type-product","3":"status-publish","4":"has-post-thumbnail","6":"product_cat-fauteuils-gaming","7":"product_cat-produits","9":"first","10":"outofstock","11":"sale","12":"taxable","13":"shipping-taxable","14":"purchasable","15":"product-type-simple"},"_links":{"self":[{"href":"https:\/\/www.gamingchairs.eu\/fr\/wp-json\/wp\/v2\/product\/6125","targetHints":{"allow":["GET"]}}],"collection":[{"href":"https:\/\/www.gamingchairs.eu\/fr\/wp-json\/wp\/v2\/product"}],"about":[{"href":"https:\/\/www.gamingchairs.eu\/fr\/wp-json\/wp\/v2\/types\/product"}],"replies":[{"embeddable":true,"href":"https:\/\/www.gamingchairs.eu\/fr\/wp-json\/wp\/v2\/comments?post=6125"}],"version-history":[{"count":2,"href":"https:\/\/www.gamingchairs.eu\/fr\/wp-json\/wp\/v2\/product\/6125\/revisions"}],"predecessor-version":[{"id":6194,"href":"https:\/\/www.gamingchairs.eu\/fr\/wp-json\/wp\/v2\/product\/6125\/revisions\/6194"}],"wp:featuredmedia":[{"embeddable":true,"href":"https:\/\/www.gamingchairs.eu\/fr\/wp-json\/wp\/v2\/media\/6133"}],"wp:attachment":[{"href":"https:\/\/www.gamingchairs.eu\/fr\/wp-json\/wp\/v2\/media?parent=6125"}],"wp:term":[{"taxonomy":"product_brand","embeddable":true,"href":"https:\/\/www.gamingchairs.eu\/fr\/wp-json\/wp\/v2\/product_brand?post=6125"},{"taxonomy":"product_cat","embeddable":true,"href":"https:\/\/www.gamingchairs.eu\/fr\/wp-json\/wp\/v2\/product_cat?post=6125"},{"taxonomy":"product_tag","embeddable":true,"href":"https:\/\/www.gamingchairs.eu\/fr\/wp-json\/wp\/v2\/product_tag?post=6125"}],"curies":[{"name":"wp","href":"https:\/\/api.w.org\/{rel}","templated":true}]}}